{"id":24,"date":"2016-01-29T10:24:10","date_gmt":"2016-01-29T10:24:10","guid":{"rendered":"https:\/\/the7.io\/beauty-studio\/?page_id=24"},"modified":"2024-03-28T19:15:15","modified_gmt":"2024-03-28T19:15:15","slug":"news-and-events","status":"publish","type":"page","link":"https:\/\/dockmaster.ca\/fre\/news-and-events\/","title":{"rendered":"Nouvelles et Ev\u00e8nements"},"content":{"rendered":"<div class=\"wpb-content-wrapper\"><div class=\"vc_row wpb_row vc_row-fluid vc_custom_1490526340467 vc_row-o-equal-height vc_row-o-content-middle vc_row-flex\"><div class=\"wpb_column vc_column_container vc_col-sm-8 vc_col-lg-offset-0 vc_col-lg-6 vc_col-md-offset-0 vc_col-md-6 vc_col-sm-offset-2 vc_col-xs-12\"><div class=\"vc_column-inner vc_custom_1498750429084\"><div class=\"wpb_wrapper\"><style type=\"text\/css\" data-type=\"the7_shortcodes-inline-css\">.shortcode-single-image-wrap.shortcode-single-image-dd38ad21026cc00972a6b79eebd5e96a.enable-bg-rollover .rollover i,\n.shortcode-single-image-wrap.shortcode-single-image-dd38ad21026cc00972a6b79eebd5e96a.enable-bg-rollover .rollover-video i {\n  background: -webkit-linear-gradient();\n  background: linear-gradient();\n}\n.shortcode-single-image-wrap.shortcode-single-image-dd38ad21026cc00972a6b79eebd5e96a .rollover-icon {\n  font-size: 32px;\n  color: #ffffff;\n  min-width: 44px;\n  min-height: 44px;\n  line-height: 44px;\n  border-radius: 100px;\n  border-style: solid;\n  border-width: 0px;\n}\n.dt-icon-bg-on.shortcode-single-image-wrap.shortcode-single-image-dd38ad21026cc00972a6b79eebd5e96a .rollover-icon {\n  background: rgba(255,255,255,0.3);\n  box-shadow: none;\n}<\/style><div class=\"shortcode-single-image-wrap shortcode-single-image-dd38ad21026cc00972a6b79eebd5e96a alignnone caption-on  enable-bg-rollover dt-icon-bg-off\" style=\"margin-top:0px; margin-bottom:0px; margin-left:0px; margin-right:0px; width:400px;\"><div class=\"shortcode-single-image\"><div class=\"fancy-media-wrap  layzr-bg\" style=\"\"><img fetchpriority=\"high\" decoding=\"async\" class=\"preload-me lazy-load aspect\" src=\"data:image\/svg+xml,%3Csvg%20xmlns%3D&#39;http%3A%2F%2Fwww.w3.org%2F2000%2Fsvg&#39;%20viewBox%3D&#39;0%200%20400%20400&#39;%2F%3E\" data-src=\"https:\/\/dockmaster.ca\/wp-content\/uploads\/2023\/06\/Supplied-Instant-Deck-and-Canopy-For-Stage-at-the-Run-For-Womens-Health-scaled-400x400.jpg\" data-srcset=\"https:\/\/dockmaster.ca\/wp-content\/uploads\/2023\/06\/Supplied-Instant-Deck-and-Canopy-For-Stage-at-the-Run-For-Womens-Health-scaled-400x400.jpg 400w, https:\/\/dockmaster.ca\/wp-content\/uploads\/2023\/06\/Supplied-Instant-Deck-and-Canopy-For-Stage-at-the-Run-For-Womens-Health-scaled-800x800.jpg 800w\" loading=\"eager\" sizes=\"(max-width: 400px) 100vw, 400px\" width=\"400\" height=\"400\"  data-dt-location=\"https:\/\/dockmaster.ca\/fre\/news-and-events\/supplied-instant-deck-and-canopy-for-stage-at-the-run-for-womens-health\/\" style=\"--ratio: 400 \/ 400;\" alt=\"\" \/><\/div><\/div><div class=\"shortcode-single-caption\">Nous avons fourni un instant deck et un auvent pour la sc\u00e8ne de la course pour la sant\u00e9 des femmes.<\/div><\/div><\/div><\/div><\/div><div class=\"wpb_column vc_column_container vc_col-sm-8 vc_col-lg-offset-0 vc_col-lg-6 vc_col-md-offset-0 vc_col-md-6 vc_col-sm-offset-2 vc_col-xs-12\"><div class=\"vc_column-inner vc_custom_1498750488327\"><div class=\"wpb_wrapper\"><div id=\"ultimate-heading-473769e7540eebbac\" class=\"uvc-heading ult-adjust-bottom-margin ultimate-heading-473769e7540eebbac uvc-4421 color-title accent-title-color\" data-hspacer=\"no_spacer\"  data-halign=\"left\" style=\"text-align:left\"><div class=\"uvc-heading-spacer no_spacer\" style=\"top\"><\/div><div class=\"uvc-main-heading ult-responsive\"  data-ultimate-target='.uvc-heading.ultimate-heading-473769e7540eebbac h2'  data-responsive-json-new='{\"font-size\":\"desktop:20px;\",\"line-height\":\"desktop:26px;\"}' ><h2 style=\"font-weight:bold;margin-bottom:5px;\">JUIN 2023<\/h2><\/div><div class=\"uvc-sub-heading ult-responsive\"  data-ultimate-target='.uvc-heading.ultimate-heading-473769e7540eebbac .uvc-sub-heading '  data-responsive-json-new='{\"font-size\":\"desktop:34px;\",\"line-height\":\"desktop:40px;\"}'  style=\"font-family:&#039;Open Sans Condensed&#039;;font-weight:700;margin-bottom:20px;\"><strong>La course pour la sant\u00e9 des femmes de la Fondation de l'H\u00f4pital g\u00e9n\u00e9ral d'Almonte a permis de recueillir 61 000 $.<\/strong><\/p>\n<p><strong>Pour cet \u00e9v\u00e9nement, nous avons fait don d'une terrasse instantan\u00e9e de 10 pi x 12 pi avec auvent, qui a servi d'espace sc\u00e9nique.<\/strong><\/div><\/div><\/div><\/div><\/div><\/div>\n<\/div>","protected":false},"excerpt":{"rendered":"<p>June 2023Almonte General Hospital Foundation Run For Women\u2019s Heath raised $61,000. For this event we donated a 10\u2019 x 12\u2019 Instant Deck with Canopy for them to use as their stage area.<\/p>","protected":false},"author":1,"featured_media":0,"parent":0,"menu_order":500,"comment_status":"closed","ping_status":"closed","template":"","meta":{"footnotes":""},"class_list":["post-24","page","type-page","status-publish","hentry","description-off"],"yoast_head":"<!-- This site is optimized with the Yoast SEO plugin v27.4 - https:\/\/yoast.com\/product\/yoast-seo-wordpress\/ -->\n<title>NEWS and EVENTS - Dockmaster - InstantDeck - Benchmaster - Dockmaster - Instant Decks - Aluminum Docks, Floating Docks, Standing Docks, Instant Decks, Benches and Accessorie<\/title>\n<meta name=\"robots\" content=\"index, follow, max-snippet:-1, max-image-preview:large, max-video-preview:-1\" \/>\n<link rel=\"canonical\" href=\"https:\/\/dockmaster.ca\/fre\/news-and-events\/\" \/>\n<meta property=\"og:locale\" content=\"fr_CA\" \/>\n<meta property=\"og:type\" content=\"article\" \/>\n<meta property=\"og:title\" content=\"NEWS and EVENTS - Dockmaster - InstantDeck - Benchmaster - Dockmaster - Instant Decks - Aluminum Docks, Floating Docks, Standing Docks, Instant Decks, Benches and Accessorie\" \/>\n<meta property=\"og:url\" content=\"https:\/\/dockmaster.ca\/fre\/news-and-events\/\" \/>\n<meta property=\"og:site_name\" content=\"Dockmaster - InstantDeck - Benchmaster - Dockmaster - Instant Decks - Aluminum Docks, Floating Docks, Standing Docks, Instant Decks, Benches and Accessorie\" \/>\n<meta property=\"article:publisher\" content=\"https:\/\/www.facebook.com\/dockmasterdocks\/\" \/>\n<meta property=\"article:modified_time\" content=\"2024-03-28T19:15:15+00:00\" \/>\n<meta name=\"twitter:card\" content=\"summary_large_image\" \/>\n<meta name=\"twitter:label1\" content=\"Estimation du temps de lecture\" \/>\n\t<meta name=\"twitter:data1\" content=\"1 minute\" \/>\n<script type=\"application\/ld+json\" class=\"yoast-schema-graph\">{\"@context\":\"https:\\\/\\\/schema.org\",\"@graph\":[{\"@type\":\"WebPage\",\"@id\":\"https:\\\/\\\/dockmaster.ca\\\/news-and-events\\\/\",\"url\":\"https:\\\/\\\/dockmaster.ca\\\/news-and-events\\\/\",\"name\":\"NEWS and EVENTS - Dockmaster - InstantDeck - Benchmaster - Dockmaster - Instant Decks - Aluminum Docks, Floating Docks, Standing Docks, Instant Decks, Benches and Accessorie\",\"isPartOf\":{\"@id\":\"https:\\\/\\\/dockmaster.ca\\\/#website\"},\"datePublished\":\"2016-01-29T10:24:10+00:00\",\"dateModified\":\"2024-03-28T19:15:15+00:00\",\"breadcrumb\":{\"@id\":\"https:\\\/\\\/dockmaster.ca\\\/news-and-events\\\/#breadcrumb\"},\"inLanguage\":\"fr-CA\",\"potentialAction\":[{\"@type\":\"ReadAction\",\"target\":[\"https:\\\/\\\/dockmaster.ca\\\/news-and-events\\\/\"]}]},{\"@type\":\"BreadcrumbList\",\"@id\":\"https:\\\/\\\/dockmaster.ca\\\/news-and-events\\\/#breadcrumb\",\"itemListElement\":[{\"@type\":\"ListItem\",\"position\":1,\"name\":\"Home\",\"item\":\"https:\\\/\\\/dockmaster.ca\\\/\"},{\"@type\":\"ListItem\",\"position\":2,\"name\":\"NEWS and EVENTS\"}]},{\"@type\":\"WebSite\",\"@id\":\"https:\\\/\\\/dockmaster.ca\\\/#website\",\"url\":\"https:\\\/\\\/dockmaster.ca\\\/\",\"name\":\"Dockmaster - InstantDeck - Benchmaster - Dockmaster - Instant Decks - Aluminum Docks, Floating Docks, Standing Docks, Instant Decks, Benches and Accessorie\",\"description\":\"Dockmaster - InstantDeck - Benchmaster\",\"publisher\":{\"@id\":\"https:\\\/\\\/dockmaster.ca\\\/#organization\"},\"alternateName\":\"Dockmaster\",\"potentialAction\":[{\"@type\":\"SearchAction\",\"target\":{\"@type\":\"EntryPoint\",\"urlTemplate\":\"https:\\\/\\\/dockmaster.ca\\\/?s={search_term_string}\"},\"query-input\":{\"@type\":\"PropertyValueSpecification\",\"valueRequired\":true,\"valueName\":\"search_term_string\"}}],\"inLanguage\":\"fr-CA\"},{\"@type\":\"Organization\",\"@id\":\"https:\\\/\\\/dockmaster.ca\\\/#organization\",\"name\":\"Dockmaster - InstantDeck - Benchmaster - Dockmaster - Instant Decks - Aluminum Docks, Floating Docks, Standing Docks, Instant Decks, Benches and Accessorie\",\"url\":\"https:\\\/\\\/dockmaster.ca\\\/\",\"logo\":{\"@type\":\"ImageObject\",\"inLanguage\":\"fr-CA\",\"@id\":\"https:\\\/\\\/dockmaster.ca\\\/#\\\/schema\\\/logo\\\/image\\\/\",\"url\":\"https:\\\/\\\/dockmaster.ca\\\/wp-content\\\/uploads\\\/2022\\\/12\\\/Dock-InstantM-logo-01-Small-Bottom.png\",\"contentUrl\":\"https:\\\/\\\/dockmaster.ca\\\/wp-content\\\/uploads\\\/2022\\\/12\\\/Dock-InstantM-logo-01-Small-Bottom.png\",\"width\":317,\"height\":50,\"caption\":\"Dockmaster - InstantDeck - Benchmaster - Dockmaster - Instant Decks - Aluminum Docks, Floating Docks, Standing Docks, Instant Decks, Benches and Accessorie\"},\"image\":{\"@id\":\"https:\\\/\\\/dockmaster.ca\\\/#\\\/schema\\\/logo\\\/image\\\/\"},\"sameAs\":[\"https:\\\/\\\/www.facebook.com\\\/dockmasterdocks\\\/\",\"https:\\\/\\\/www.instagram.com\\\/dockmaster.ca\\\/\",\"https:\\\/\\\/www.youtube.com\\\/channel\\\/UCGbJrzAUlamrnAmSjbImRqg\"]}]}<\/script>\n<!-- \/ Yoast SEO plugin. -->","yoast_head_json":{"title":"NEWS and EVENTS - Dockmaster - InstantDeck - Benchmaster - Dockmaster - Instant Decks - Aluminum Docks, Floating Docks, Standing Docks, Instant Decks, Benches and Accessorie","robots":{"index":"index","follow":"follow","max-snippet":"max-snippet:-1","max-image-preview":"max-image-preview:large","max-video-preview":"max-video-preview:-1"},"canonical":"https:\/\/dockmaster.ca\/fre\/news-and-events\/","og_locale":"fr_CA","og_type":"article","og_title":"NEWS and EVENTS - Dockmaster - InstantDeck - Benchmaster - Dockmaster - Instant Decks - Aluminum Docks, Floating Docks, Standing Docks, Instant Decks, Benches and Accessorie","og_url":"https:\/\/dockmaster.ca\/fre\/news-and-events\/","og_site_name":"Dockmaster - InstantDeck - Benchmaster - Dockmaster - Instant Decks - Aluminum Docks, Floating Docks, Standing Docks, Instant Decks, Benches and Accessorie","article_publisher":"https:\/\/www.facebook.com\/dockmasterdocks\/","article_modified_time":"2024-03-28T19:15:15+00:00","twitter_card":"summary_large_image","twitter_misc":{"Estimation du temps de lecture":"1 minute"},"schema":{"@context":"https:\/\/schema.org","@graph":[{"@type":"WebPage","@id":"https:\/\/dockmaster.ca\/news-and-events\/","url":"https:\/\/dockmaster.ca\/news-and-events\/","name":"NEWS and EVENTS - Dockmaster - InstantDeck - Benchmaster - Dockmaster - Instant Decks - Aluminum Docks, Floating Docks, Standing Docks, Instant Decks, Benches and Accessorie","isPartOf":{"@id":"https:\/\/dockmaster.ca\/#website"},"datePublished":"2016-01-29T10:24:10+00:00","dateModified":"2024-03-28T19:15:15+00:00","breadcrumb":{"@id":"https:\/\/dockmaster.ca\/news-and-events\/#breadcrumb"},"inLanguage":"fr-CA","potentialAction":[{"@type":"ReadAction","target":["https:\/\/dockmaster.ca\/news-and-events\/"]}]},{"@type":"BreadcrumbList","@id":"https:\/\/dockmaster.ca\/news-and-events\/#breadcrumb","itemListElement":[{"@type":"ListItem","position":1,"name":"Home","item":"https:\/\/dockmaster.ca\/"},{"@type":"ListItem","position":2,"name":"NEWS and EVENTS"}]},{"@type":"WebSite","@id":"https:\/\/dockmaster.ca\/#website","url":"https:\/\/dockmaster.ca\/","name":"Dockmaster - InstantDeck - Benchmaster - Dockmaster - Instant Decks - Aluminum Docks, Floating Docks, Standing Docks, Instant Decks, Benches and Accessorie","description":"Dockmaster - InstantDeck - Benchmaster","publisher":{"@id":"https:\/\/dockmaster.ca\/#organization"},"alternateName":"Dockmaster","potentialAction":[{"@type":"SearchAction","target":{"@type":"EntryPoint","urlTemplate":"https:\/\/dockmaster.ca\/?s={search_term_string}"},"query-input":{"@type":"PropertyValueSpecification","valueRequired":true,"valueName":"search_term_string"}}],"inLanguage":"fr-CA"},{"@type":"Organization","@id":"https:\/\/dockmaster.ca\/#organization","name":"Dockmaster - InstantDeck - Benchmaster - Dockmaster - Instant Decks - Aluminum Docks, Floating Docks, Standing Docks, Instant Decks, Benches and Accessorie","url":"https:\/\/dockmaster.ca\/","logo":{"@type":"ImageObject","inLanguage":"fr-CA","@id":"https:\/\/dockmaster.ca\/#\/schema\/logo\/image\/","url":"https:\/\/dockmaster.ca\/wp-content\/uploads\/2022\/12\/Dock-InstantM-logo-01-Small-Bottom.png","contentUrl":"https:\/\/dockmaster.ca\/wp-content\/uploads\/2022\/12\/Dock-InstantM-logo-01-Small-Bottom.png","width":317,"height":50,"caption":"Dockmaster - InstantDeck - Benchmaster - Dockmaster - Instant Decks - Aluminum Docks, Floating Docks, Standing Docks, Instant Decks, Benches and Accessorie"},"image":{"@id":"https:\/\/dockmaster.ca\/#\/schema\/logo\/image\/"},"sameAs":["https:\/\/www.facebook.com\/dockmasterdocks\/","https:\/\/www.instagram.com\/dockmaster.ca\/","https:\/\/www.youtube.com\/channel\/UCGbJrzAUlamrnAmSjbImRqg"]}]}},"_links":{"self":[{"href":"https:\/\/dockmaster.ca\/fre\/wp-json\/wp\/v2\/pages\/24","targetHints":{"allow":["GET"]}}],"collection":[{"href":"https:\/\/dockmaster.ca\/fre\/wp-json\/wp\/v2\/pages"}],"about":[{"href":"https:\/\/dockmaster.ca\/fre\/wp-json\/wp\/v2\/types\/page"}],"author":[{"embeddable":true,"href":"https:\/\/dockmaster.ca\/fre\/wp-json\/wp\/v2\/users\/1"}],"replies":[{"embeddable":true,"href":"https:\/\/dockmaster.ca\/fre\/wp-json\/wp\/v2\/comments?post=24"}],"version-history":[{"count":16,"href":"https:\/\/dockmaster.ca\/fre\/wp-json\/wp\/v2\/pages\/24\/revisions"}],"predecessor-version":[{"id":4188,"href":"https:\/\/dockmaster.ca\/fre\/wp-json\/wp\/v2\/pages\/24\/revisions\/4188"}],"wp:attachment":[{"href":"https:\/\/dockmaster.ca\/fre\/wp-json\/wp\/v2\/media?parent=24"}],"curies":[{"name":"wp","href":"https:\/\/api.w.org\/{rel}","templated":true}]}}