{"id":2439,"date":"2023-01-23T01:47:56","date_gmt":"2023-01-23T01:47:56","guid":{"rendered":"https:\/\/print4business.ca\/dockmaster2022\/?page_id=2439"},"modified":"2025-10-06T20:27:46","modified_gmt":"2025-10-06T20:27:46","slug":"specifications","status":"publish","type":"page","link":"https:\/\/dockmaster.ca\/fre\/specifications\/","title":{"rendered":"SP\u00c9CIFICATIONS"},"content":{"rendered":"<div class=\"wpb-content-wrapper\"><div class=\"vc_row wpb_row vc_row-fluid dt-default\" style=\"margin-top: 0px;margin-bottom: 0px\"><div class=\"wpb_column vc_column_container vc_col-sm-9\"><div class=\"vc_column-inner\"><div class=\"wpb_wrapper\"><div class=\"vc_row wpb_row vc_inner vc_row-fluid\"><div class=\"wpb_column vc_column_container vc_col-sm-12\"><div class=\"vc_column-inner\"><div class=\"wpb_wrapper\">\n\t<div class=\"wpb_text_column wpb_content_element  vc_custom_1704992779082\" >\n\t\t<div class=\"wpb_wrapper\">\n\t\t\t<ul>\n<li>Le cadre de Dockmaster est construit en aluminium 6061-T6 de qualit\u00e9 a\u00e9ronautique. Tous les cadres soud\u00e9s ajoutent une r\u00e9sistance sup\u00e9rieure.<\/li>\n<li>Les longerons de Dockmaster ont une largeur de 2\" et une hauteur de 3\" avec des traverses en aluminium de 2\u2033 soud\u00e9es.\nLes entretoises sont soud\u00e9es aux longerons lat\u00e9raux \u00e0 des intervalles de 30\" et sont des tubes carr\u00e9s en aluminium de 2\" x 2\".<\/li>\n<li>Ces entretoises soutiennent les longerons pour les dessus qui sont attach\u00e9es \u00e0 la face inf\u00e9rieure du dessus.<\/li>\n<li>Les cadres soud\u00e9s de Dockmaster sont de construction robuste en aluminium, de sorte que le dessus 5\/4\u201d peut \u00eatre utilis\u00e9 au lieu des panneaux de dessus traditionnels de 2\" x 6\" ou 2\" x 8\" qui sont beaucoup plus lourds \u00e0 installer et \u00e0 enlever.\nLe choix de lames de terrasse 5\/4\u201d est aujourd'hui tr\u00e8s vaste et \u00e0 des prix comp\u00e9titifs.<\/li>\n<li>Les panneaux de terrasse sont fix\u00e9s aux cadres \u00e0 l'aide de l'extrusion en forme de L fournie et de vis en acier inoxydable.<\/li>\n<li>Les panneaux de terrasse sont fix\u00e9s aux cadres \u00e0 l'aide de l'extrusion en forme de L fournie et de vis en acier inoxydable.<\/li>\n<li>Les extrusions peuvent \u00eatre enlev\u00e9es \u00e0 la fin de la saison pour faciliter l'enl\u00e8vement de la partie sup\u00e9rieure de la terrasse.<\/li>\n<\/ul>\n\n\t\t<\/div>\n\t<\/div>\n<h2 style=\"text-align: center\" class=\"vc_custom_heading vc_do_custom_heading\" >Prix \u200b\u200b\u200b\u200bdu kit de quai standard DockMaster<br \/>\nNOS PRIX SONT ACTUELLEMENT MIS \u00c0 JOUR !<br \/>\nVeuillez nous appeler pour conna\u00eetre les prix les plus r\u00e9cents.<\/h2><\/div><\/div><\/div><\/div><div class=\"vc_row wpb_row vc_inner vc_row-fluid\"><div class=\"wpb_column vc_column_container vc_col-sm-6\"><div class=\"vc_column-inner\"><div class=\"wpb_wrapper\">\n\t<div  class=\"wpb_single_image wpb_content_element vc_align_center  wpb_animate_when_almost_visible wpb_bounceIn bounceIn vc_custom_1674677445814\">\n\t\t\n\t\t<figure class=\"wpb_wrapper vc_figure\">\n\t\t\t<a href=\"https:\/\/dockmaster.ca\/wp-content\/uploads\/2023\/01\/dockpackage5.jpg\" target=\"_self\" data-large_image_width=\"500\" data-large_image_height=\"509\"  class=\"vc_single_image-wrapper vc_box_shadow_3d  vc_box_border_grey dt-pswp-item rollover rollover-zoom\"   ><img loading=\"lazy\" decoding=\"async\" width=\"500\" height=\"509\" src=\"https:\/\/dockmaster.ca\/wp-content\/uploads\/2023\/01\/dockpackage5.jpg\" class=\"vc_single_image-img attachment-large\" alt=\"Example of Over Hundred feet of Dock kit in pickup truck. From Store to shore made easy.\" title=\"dockpackage5\" srcset=\"https:\/\/dockmaster.ca\/wp-content\/uploads\/2023\/01\/dockpackage5.jpg 500w, https:\/\/dockmaster.ca\/wp-content\/uploads\/2023\/01\/dockpackage5-295x300.jpg 295w\" sizes=\"auto, (max-width: 500px) 100vw, 500px\"  data-dt-location=\"https:\/\/dockmaster.ca\/fre\/dockpackage5\/\" \/><\/a><figcaption class=\"vc_figure-caption\">Quatre ensembles de quai de 25 pieds dans une camionnette. De l'entrep\u00f4t \u00e0 la rive, c'est facile.<\/figcaption>\n\t\t<\/figure>\n\t<\/div>\n<\/div><\/div><\/div><div class=\"wpb_column vc_column_container vc_col-sm-6\"><div class=\"vc_column-inner\"><div class=\"wpb_wrapper\">\n\t<div  class=\"wpb_single_image wpb_content_element vc_align_center  wpb_animate_when_almost_visible wpb_bounceIn bounceIn vc_custom_1681130545021\">\n\t\t\n\t\t<figure class=\"wpb_wrapper vc_figure\">\n\t\t\t<a href=\"https:\/\/dockmaster.ca\/wp-content\/uploads\/2023\/01\/Dock-Kit-on-a-Compact.jpg\" target=\"_self\" data-large_image_width=\"500\" data-large_image_height=\"334\"  class=\"vc_single_image-wrapper vc_box_shadow_3d  vc_box_border_grey dt-pswp-item rollover rollover-zoom\"   ><img loading=\"lazy\" decoding=\"async\" width=\"500\" height=\"334\" src=\"https:\/\/dockmaster.ca\/wp-content\/uploads\/2023\/01\/Dock-Kit-on-a-Compact.jpg\" class=\"vc_single_image-img attachment-large\" alt=\"\" title=\"Dock-Kit-on-a-Compact\" srcset=\"https:\/\/dockmaster.ca\/wp-content\/uploads\/2023\/01\/Dock-Kit-on-a-Compact.jpg 500w, https:\/\/dockmaster.ca\/wp-content\/uploads\/2023\/01\/Dock-Kit-on-a-Compact-300x200.jpg 300w\" sizes=\"auto, (max-width: 500px) 100vw, 500px\"  data-dt-location=\"https:\/\/dockmaster.ca\/fre\/dock-kit-on-a-compact\/\" \/><\/a><figcaption class=\"vc_figure-caption\">Le kit de quai 4'X 25\u2033 peut m\u00eame \u00eatre r\u00e9cup\u00e9r\u00e9\nune voiture compacte \u00e9quip\u00e9e de barres de toit.<\/figcaption>\n\t\t<\/figure>\n\t<\/div>\n<\/div><\/div><\/div><\/div><\/div><\/div><\/div><div class=\"wpb_column vc_column_container vc_col-sm-3 vc_col-has-fill\"><div class=\"vc_column-inner vc_custom_1674688376705\"><div class=\"wpb_wrapper\"><div id=\"ultimate-heading-859369e75291b077f\" class=\"uvc-heading ult-adjust-bottom-margin ultimate-heading-859369e75291b077f uvc-9570\" data-hspacer=\"line_only\"  data-halign=\"center\" style=\"text-align:center\"><div class=\"uvc-main-heading ult-responsive\"  data-ultimate-target='.uvc-heading.ultimate-heading-859369e75291b077f h3'  data-responsive-json-new='{\"font-size\":\"desktop:20px;\",\"line-height\":\"desktop:24px;\"}' ><h3 style=\"font-weight:bold;color:#003b63;margin-top:10px;margin-bottom:10px;\">GARANTIE \u00c0 VIE<\/h3><\/div><div class=\"uvc-heading-spacer line_only\" style=\"margin-bottom:20px;height:1px;\"><span class=\"uvc-headings-line\" style=\"border-style:solid;border-bottom-width:1px;border-color:#1e73be;width:80px;\"><\/span><\/div><\/div>\n\t<div  class=\"wpb_single_image wpb_content_element vc_align_center\">\n\t\t\n\t\t<figure class=\"wpb_wrapper vc_figure\">\n\t\t\t<div class=\"vc_single_image-wrapper   vc_box_border_grey\"><img decoding=\"async\" class=\"vc_single_image-img\" src=\"https:\/\/dockmaster.ca\/wp-content\/uploads\/2024\/01\/Dockmaster-with-warranty-4-FRE.png\" width=\"350\" height=\"250\" alt=\"Dockmaster-with-warranty-11\" title=\"Dockmaster-with-warranty-11\" loading=\"lazy\"  data-dt-location=\"https:\/\/dockmaster.ca\/fre\/?attachment_id=3745\" \/><\/div>\n\t\t<\/figure>\n\t<\/div>\n<div class=\"vc_custom_1707399983361 ubtn-ctn-center\"><a class=\"ubtn-link ult-adjust-bottom-margin ubtn-center ubtn-custom\" href=\"https:\/\/dockmaster.ca\/fre\/warranty-registration\/\" title=\"GARANTIE\" ><button type=\"button\" id=\"ubtn-7117\"  class=\"ubtn ult-adjust-bottom-margin ult-responsive ubtn-custom ubtn-no-hover-bg  none  ubtn-center   tooltip-69e75291b0a4c\"  data-hover=\"\" data-border-color=\"\" data-bg=\"#23bf00\" data-hover-bg=\"\" data-border-hover=\"\" data-shadow-hover=\"\" data-shadow-click=\"none\" data-shadow=\"\" data-shd-shadow=\"\"  data-ultimate-target='#ubtn-7117'  data-responsive-json-new='{\"font-size\":\"desktop:16px;\",\"line-height\":\"desktop:20px;\"}'  style=\"font-weight:bold;width:300px;min-height:40px;padding:15px 10px;border:none;background: #23bf00;color: #ffffff;\"><span class=\"ubtn-hover\" style=\"background-color:\"><\/span><span class=\"ubtn-data ubtn-text\" >EN SAVOIR PLUS<\/span><\/button><\/a><\/div><div id=\"ultimate-heading-967569e75291b0ab0\" class=\"uvc-heading ult-adjust-bottom-margin ultimate-heading-967569e75291b0ab0 uvc-6747\" data-hspacer=\"line_only\"  data-halign=\"center\" style=\"text-align:center\"><div class=\"uvc-main-heading ult-responsive\"  data-ultimate-target='.uvc-heading.ultimate-heading-967569e75291b0ab0 h3'  data-responsive-json-new='{\"font-size\":\"desktop:20px;\",\"line-height\":\"desktop:24px;\"}' ><h3 style=\"font-weight:bold;color:#003b63;margin-top:10px;margin-bottom:10px;\">NEED FINANCING?<\/h3><\/div><div class=\"uvc-heading-spacer line_only\" style=\"margin-bottom:20px;height:1px;\"><span class=\"uvc-headings-line\" style=\"border-style:solid;border-bottom-width:1px;border-color:#1e73be;width:80px;\"><\/span><\/div><\/div>\n\t<div  class=\"wpb_single_image wpb_content_element vc_align_center\">\n\t\t\n\t\t<figure class=\"wpb_wrapper vc_figure\">\n\t\t\t<a href=\"https:\/\/www.financeit.ca\/s\/iZP64Q\" target=\"_blank\"  class=\"vc_single_image-wrapper   vc_box_border_grey rollover\"   ><img decoding=\"async\" class=\"vc_single_image-img\" src=\"https:\/\/dockmaster.ca\/wp-content\/uploads\/2025\/10\/999-percent-en-sq-250x250.png\" width=\"250\" height=\"250\" alt=\"999-percent-en-sq\" title=\"999-percent-en-sq\" loading=\"lazy\"  data-dt-location=\"https:\/\/dockmaster.ca\/fre\/dockmaster-instantdeck-benchmaster\/999-percent-en-sq\/\" \/><\/a>\n\t\t<\/figure>\n\t<\/div>\n<div class=\"vc_custom_1759782449436 ubtn-ctn-center\"><a class=\"ubtn-link ult-adjust-bottom-margin ubtn-center ubtn-custom\" href=\"https:\/\/www.financeit.ca\/s\/iZP64Q\" title=\"FINANCEIT APP\" target=\"_blank\" rel=\"noopener\" ><button type=\"button\" id=\"ubtn-1019\"  class=\"ubtn ult-adjust-bottom-margin ult-responsive ubtn-custom ubtn-no-hover-bg  none  ubtn-center   tooltip-69e75291b0df2\"  data-hover=\"\" data-border-color=\"\" data-bg=\"#23bf00\" data-hover-bg=\"\" data-border-hover=\"\" data-shadow-hover=\"\" data-shadow-click=\"none\" data-shadow=\"\" data-shd-shadow=\"\"  data-ultimate-target='#ubtn-1019'  data-responsive-json-new='{\"font-size\":\"desktop:16px;\",\"line-height\":\"desktop:20px;\"}'  style=\"font-weight:bold;width:300px;min-height:40px;padding:20px 10px;border:none;background: #23bf00;color: #ffffff;\"><span class=\"ubtn-hover\" style=\"background-color:\"><\/span><span class=\"ubtn-data ubtn-text\" >APPLY HERE!<\/span><\/button><\/a><\/div><div id=\"ultimate-heading-537969e75291b0e4f\" class=\"uvc-heading ult-adjust-bottom-margin ultimate-heading-537969e75291b0e4f uvc-6744\" data-hspacer=\"line_only\"  data-halign=\"center\" style=\"text-align:center\"><div class=\"uvc-main-heading ult-responsive\"  data-ultimate-target='.uvc-heading.ultimate-heading-537969e75291b0e4f h3'  data-responsive-json-new='{\"font-size\":\"desktop:20px;\",\"line-height\":\"desktop:24px;\"}' ><h3 style=\"font-weight:bold;color:#003b63;margin-top:10px;margin-bottom:10px;\">NOS NOUVEAUX ARTICLES<\/h3><\/div><div class=\"uvc-heading-spacer line_only\" style=\"margin-bottom:20px;height:1px;\"><span class=\"uvc-headings-line\" style=\"border-style:solid;border-bottom-width:1px;border-color:#1e73be;width:80px;\"><\/span><\/div><\/div>\n\t<div  class=\"wpb_single_image wpb_content_element vc_align_center\">\n\t\t\n\t\t<figure class=\"wpb_wrapper vc_figure\">\n\t\t\t<a href=\"https:\/\/dockmaster.ca\/fre\/new-specialty-items\/\" target=\"_self\"  class=\"vc_single_image-wrapper   vc_box_border_grey rollover\"   ><img decoding=\"async\" class=\"vc_single_image-img\" src=\"https:\/\/dockmaster.ca\/wp-content\/uploads\/2024\/03\/decking-2-on-deck-300x225.jpg\" width=\"300\" height=\"225\" alt=\"decking 2 - on deck\" title=\"decking 2 - on deck\" loading=\"lazy\"  data-dt-location=\"https:\/\/dockmaster.ca\/fre\/series-i-inside-leg-docks\/decking-2-on-deck\/\" \/><\/a>\n\t\t<\/figure>\n\t<\/div>\n<div class=\"vc_custom_1707403015364 ubtn-ctn-center\"><a class=\"ubtn-link ult-adjust-bottom-margin ubtn-center ubtn-custom\" href=\"https:\/\/dockmaster.ca\/fre\/new-specialty-items\/\" title=\"NOS NOUVEAUX ARTICLES\" ><button type=\"button\" id=\"ubtn-6182\"  class=\"ubtn ult-adjust-bottom-margin ult-responsive ubtn-custom ubtn-no-hover-bg  none  ubtn-center   tooltip-69e75291b11ba\"  data-hover=\"\" data-border-color=\"\" data-bg=\"#23bf00\" data-hover-bg=\"\" data-border-hover=\"\" data-shadow-hover=\"\" data-shadow-click=\"none\" data-shadow=\"\" data-shd-shadow=\"\"  data-ultimate-target='#ubtn-6182'  data-responsive-json-new='{\"font-size\":\"desktop:16px;\",\"line-height\":\"desktop:20px;\"}'  style=\"font-weight:bold;width:300px;min-height:40px;padding:20px 10px;border:none;background: #23bf00;color: #ffffff;\"><span class=\"ubtn-hover\" style=\"background-color:\"><\/span><span class=\"ubtn-data ubtn-text\" >PLUS D'INFORMATION<\/span><\/button><\/a><\/div><\/div><\/div><\/div><\/div><div class=\"vc_row wpb_row vc_row-fluid\"><div class=\"wpb_column vc_column_container vc_col-sm-12\"><div class=\"vc_column-inner\"><div class=\"wpb_wrapper\"><\/div><\/div><\/div><\/div><!-- Row Backgrounds --><div class=\"upb_color\" data-bg-override=\"ex-full\" data-bg-color=\"#1f365c\" data-fadeout=\"\" data-fadeout-percentage=\"30\" data-parallax-content=\"\" data-parallax-content-sense=\"30\" data-row-effect-mobile-disable=\"true\" data-img-parallax-mobile-disable=\"true\" data-rtl=\"false\"  data-custom-vc-row=\"\"  data-vc=\"8.7.2\"  data-is_old_vc=\"\"  data-theme-support=\"\"   data-overlay=\"false\" data-overlay-color=\"\" data-overlay-pattern=\"\" data-overlay-pattern-opacity=\"\" data-overlay-pattern-size=\"\"    ><\/div>\n<\/div>","protected":false},"excerpt":{"rendered":"<p>The Dockmaster frame is constructed of 6061-T6 Aircraft quality aluminum. All-welded frames add superior strength. The Dockmaster side stringers are 2\u201dx3\u201d tube with welded 2\u2033x2\u201d aluminum tube cross braces at 30\u201d intervals. These cross braces support the decking purlins (backers) which are attached to the underside of the top decking. Dockmasters\u2019 welded frame construction allows&hellip;<\/p>","protected":false},"author":1,"featured_media":0,"parent":0,"menu_order":0,"comment_status":"closed","ping_status":"closed","template":"","meta":{"footnotes":""},"class_list":["post-2439","page","type-page","status-publish","hentry","description-off"],"yoast_head":"<!-- This site is optimized with the Yoast SEO plugin v27.4 - https:\/\/yoast.com\/product\/yoast-seo-wordpress\/ -->\n<title>Specifications - Dockmaster - InstantDeck - Benchmaster - Dockmaster - Instant Decks - Aluminum Docks, Floating Docks, Standing Docks, Instant Decks, Benches and Accessorie<\/title>\n<meta name=\"robots\" content=\"index, follow, max-snippet:-1, max-image-preview:large, max-video-preview:-1\" \/>\n<link rel=\"canonical\" href=\"https:\/\/dockmaster.ca\/fre\/specifications\/\" \/>\n<meta property=\"og:locale\" content=\"fr_CA\" \/>\n<meta property=\"og:type\" content=\"article\" \/>\n<meta property=\"og:title\" content=\"Specifications - Dockmaster - InstantDeck - Benchmaster - Dockmaster - Instant Decks - Aluminum Docks, Floating Docks, Standing Docks, Instant Decks, Benches and Accessorie\" \/>\n<meta property=\"og:url\" content=\"https:\/\/dockmaster.ca\/fre\/specifications\/\" \/>\n<meta property=\"og:site_name\" content=\"Dockmaster - InstantDeck - Benchmaster - Dockmaster - Instant Decks - Aluminum Docks, Floating Docks, Standing Docks, Instant Decks, Benches and Accessorie\" \/>\n<meta property=\"article:publisher\" content=\"https:\/\/www.facebook.com\/dockmasterdocks\/\" \/>\n<meta property=\"article:modified_time\" content=\"2025-10-06T20:27:46+00:00\" \/>\n<meta name=\"twitter:card\" content=\"summary_large_image\" \/>\n<meta name=\"twitter:label1\" content=\"Estimation du temps de lecture\" \/>\n\t<meta name=\"twitter:data1\" content=\"3 minutes\" \/>\n<script type=\"application\/ld+json\" class=\"yoast-schema-graph\">{\"@context\":\"https:\\\/\\\/schema.org\",\"@graph\":[{\"@type\":\"WebPage\",\"@id\":\"https:\\\/\\\/dockmaster.ca\\\/specifications\\\/\",\"url\":\"https:\\\/\\\/dockmaster.ca\\\/specifications\\\/\",\"name\":\"Specifications - Dockmaster - InstantDeck - Benchmaster - Dockmaster - Instant Decks - Aluminum Docks, Floating Docks, Standing Docks, Instant Decks, Benches and Accessorie\",\"isPartOf\":{\"@id\":\"https:\\\/\\\/dockmaster.ca\\\/#website\"},\"datePublished\":\"2023-01-23T01:47:56+00:00\",\"dateModified\":\"2025-10-06T20:27:46+00:00\",\"breadcrumb\":{\"@id\":\"https:\\\/\\\/dockmaster.ca\\\/specifications\\\/#breadcrumb\"},\"inLanguage\":\"fr-CA\",\"potentialAction\":[{\"@type\":\"ReadAction\",\"target\":[\"https:\\\/\\\/dockmaster.ca\\\/specifications\\\/\"]}]},{\"@type\":\"BreadcrumbList\",\"@id\":\"https:\\\/\\\/dockmaster.ca\\\/specifications\\\/#breadcrumb\",\"itemListElement\":[{\"@type\":\"ListItem\",\"position\":1,\"name\":\"Home\",\"item\":\"https:\\\/\\\/dockmaster.ca\\\/\"},{\"@type\":\"ListItem\",\"position\":2,\"name\":\"Specifications\"}]},{\"@type\":\"WebSite\",\"@id\":\"https:\\\/\\\/dockmaster.ca\\\/#website\",\"url\":\"https:\\\/\\\/dockmaster.ca\\\/\",\"name\":\"Dockmaster - InstantDeck - Benchmaster - Dockmaster - Instant Decks - Aluminum Docks, Floating Docks, Standing Docks, Instant Decks, Benches and Accessorie\",\"description\":\"Dockmaster - InstantDeck - Benchmaster\",\"publisher\":{\"@id\":\"https:\\\/\\\/dockmaster.ca\\\/#organization\"},\"alternateName\":\"Dockmaster\",\"potentialAction\":[{\"@type\":\"SearchAction\",\"target\":{\"@type\":\"EntryPoint\",\"urlTemplate\":\"https:\\\/\\\/dockmaster.ca\\\/?s={search_term_string}\"},\"query-input\":{\"@type\":\"PropertyValueSpecification\",\"valueRequired\":true,\"valueName\":\"search_term_string\"}}],\"inLanguage\":\"fr-CA\"},{\"@type\":\"Organization\",\"@id\":\"https:\\\/\\\/dockmaster.ca\\\/#organization\",\"name\":\"Dockmaster - InstantDeck - Benchmaster - Dockmaster - Instant Decks - Aluminum Docks, Floating Docks, Standing Docks, Instant Decks, Benches and Accessorie\",\"url\":\"https:\\\/\\\/dockmaster.ca\\\/\",\"logo\":{\"@type\":\"ImageObject\",\"inLanguage\":\"fr-CA\",\"@id\":\"https:\\\/\\\/dockmaster.ca\\\/#\\\/schema\\\/logo\\\/image\\\/\",\"url\":\"https:\\\/\\\/dockmaster.ca\\\/wp-content\\\/uploads\\\/2022\\\/12\\\/Dock-InstantM-logo-01-Small-Bottom.png\",\"contentUrl\":\"https:\\\/\\\/dockmaster.ca\\\/wp-content\\\/uploads\\\/2022\\\/12\\\/Dock-InstantM-logo-01-Small-Bottom.png\",\"width\":317,\"height\":50,\"caption\":\"Dockmaster - InstantDeck - Benchmaster - Dockmaster - Instant Decks - Aluminum Docks, Floating Docks, Standing Docks, Instant Decks, Benches and Accessorie\"},\"image\":{\"@id\":\"https:\\\/\\\/dockmaster.ca\\\/#\\\/schema\\\/logo\\\/image\\\/\"},\"sameAs\":[\"https:\\\/\\\/www.facebook.com\\\/dockmasterdocks\\\/\",\"https:\\\/\\\/www.instagram.com\\\/dockmaster.ca\\\/\",\"https:\\\/\\\/www.youtube.com\\\/channel\\\/UCGbJrzAUlamrnAmSjbImRqg\"]}]}<\/script>\n<!-- \/ Yoast SEO plugin. -->","yoast_head_json":{"title":"Specifications - Dockmaster - InstantDeck - Benchmaster - Dockmaster - Instant Decks - Aluminum Docks, Floating Docks, Standing Docks, Instant Decks, Benches and Accessorie","robots":{"index":"index","follow":"follow","max-snippet":"max-snippet:-1","max-image-preview":"max-image-preview:large","max-video-preview":"max-video-preview:-1"},"canonical":"https:\/\/dockmaster.ca\/fre\/specifications\/","og_locale":"fr_CA","og_type":"article","og_title":"Specifications - Dockmaster - InstantDeck - Benchmaster - Dockmaster - Instant Decks - Aluminum Docks, Floating Docks, Standing Docks, Instant Decks, Benches and Accessorie","og_url":"https:\/\/dockmaster.ca\/fre\/specifications\/","og_site_name":"Dockmaster - InstantDeck - Benchmaster - Dockmaster - Instant Decks - Aluminum Docks, Floating Docks, Standing Docks, Instant Decks, Benches and Accessorie","article_publisher":"https:\/\/www.facebook.com\/dockmasterdocks\/","article_modified_time":"2025-10-06T20:27:46+00:00","twitter_card":"summary_large_image","twitter_misc":{"Estimation du temps de lecture":"3 minutes"},"schema":{"@context":"https:\/\/schema.org","@graph":[{"@type":"WebPage","@id":"https:\/\/dockmaster.ca\/specifications\/","url":"https:\/\/dockmaster.ca\/specifications\/","name":"Specifications - Dockmaster - InstantDeck - Benchmaster - Dockmaster - Instant Decks - Aluminum Docks, Floating Docks, Standing Docks, Instant Decks, Benches and Accessorie","isPartOf":{"@id":"https:\/\/dockmaster.ca\/#website"},"datePublished":"2023-01-23T01:47:56+00:00","dateModified":"2025-10-06T20:27:46+00:00","breadcrumb":{"@id":"https:\/\/dockmaster.ca\/specifications\/#breadcrumb"},"inLanguage":"fr-CA","potentialAction":[{"@type":"ReadAction","target":["https:\/\/dockmaster.ca\/specifications\/"]}]},{"@type":"BreadcrumbList","@id":"https:\/\/dockmaster.ca\/specifications\/#breadcrumb","itemListElement":[{"@type":"ListItem","position":1,"name":"Home","item":"https:\/\/dockmaster.ca\/"},{"@type":"ListItem","position":2,"name":"Specifications"}]},{"@type":"WebSite","@id":"https:\/\/dockmaster.ca\/#website","url":"https:\/\/dockmaster.ca\/","name":"Dockmaster - InstantDeck - Benchmaster - Dockmaster - Instant Decks - Aluminum Docks, Floating Docks, Standing Docks, Instant Decks, Benches and Accessorie","description":"Dockmaster - InstantDeck - Benchmaster","publisher":{"@id":"https:\/\/dockmaster.ca\/#organization"},"alternateName":"Dockmaster","potentialAction":[{"@type":"SearchAction","target":{"@type":"EntryPoint","urlTemplate":"https:\/\/dockmaster.ca\/?s={search_term_string}"},"query-input":{"@type":"PropertyValueSpecification","valueRequired":true,"valueName":"search_term_string"}}],"inLanguage":"fr-CA"},{"@type":"Organization","@id":"https:\/\/dockmaster.ca\/#organization","name":"Dockmaster - InstantDeck - Benchmaster - Dockmaster - Instant Decks - Aluminum Docks, Floating Docks, Standing Docks, Instant Decks, Benches and Accessorie","url":"https:\/\/dockmaster.ca\/","logo":{"@type":"ImageObject","inLanguage":"fr-CA","@id":"https:\/\/dockmaster.ca\/#\/schema\/logo\/image\/","url":"https:\/\/dockmaster.ca\/wp-content\/uploads\/2022\/12\/Dock-InstantM-logo-01-Small-Bottom.png","contentUrl":"https:\/\/dockmaster.ca\/wp-content\/uploads\/2022\/12\/Dock-InstantM-logo-01-Small-Bottom.png","width":317,"height":50,"caption":"Dockmaster - InstantDeck - Benchmaster - Dockmaster - Instant Decks - Aluminum Docks, Floating Docks, Standing Docks, Instant Decks, Benches and Accessorie"},"image":{"@id":"https:\/\/dockmaster.ca\/#\/schema\/logo\/image\/"},"sameAs":["https:\/\/www.facebook.com\/dockmasterdocks\/","https:\/\/www.instagram.com\/dockmaster.ca\/","https:\/\/www.youtube.com\/channel\/UCGbJrzAUlamrnAmSjbImRqg"]}]}},"_links":{"self":[{"href":"https:\/\/dockmaster.ca\/fre\/wp-json\/wp\/v2\/pages\/2439","targetHints":{"allow":["GET"]}}],"collection":[{"href":"https:\/\/dockmaster.ca\/fre\/wp-json\/wp\/v2\/pages"}],"about":[{"href":"https:\/\/dockmaster.ca\/fre\/wp-json\/wp\/v2\/types\/page"}],"author":[{"embeddable":true,"href":"https:\/\/dockmaster.ca\/fre\/wp-json\/wp\/v2\/users\/1"}],"replies":[{"embeddable":true,"href":"https:\/\/dockmaster.ca\/fre\/wp-json\/wp\/v2\/comments?post=2439"}],"version-history":[{"count":44,"href":"https:\/\/dockmaster.ca\/fre\/wp-json\/wp\/v2\/pages\/2439\/revisions"}],"predecessor-version":[{"id":5501,"href":"https:\/\/dockmaster.ca\/fre\/wp-json\/wp\/v2\/pages\/2439\/revisions\/5501"}],"wp:attachment":[{"href":"https:\/\/dockmaster.ca\/fre\/wp-json\/wp\/v2\/media?parent=2439"}],"curies":[{"name":"wp","href":"https:\/\/api.w.org\/{rel}","templated":true}]}}