{"id":2915,"date":"2023-01-30T00:49:19","date_gmt":"2023-01-30T00:49:19","guid":{"rendered":"https:\/\/print4business.ca\/dockmaster2022\/?page_id=2915"},"modified":"2025-10-06T20:43:36","modified_gmt":"2025-10-06T20:43:36","slug":"wheel-docks-2","status":"publish","type":"page","link":"https:\/\/dockmaster.ca\/fre\/wheel-docks-2\/","title":{"rendered":"QUAIS \u00c0 ROUES"},"content":{"rendered":"<div class=\"wpb-content-wrapper\"><div class=\"vc_row wpb_row vc_row-fluid dt-default\" style=\"margin-top: 0px;margin-bottom: 0px\"><div class=\"wpb_column vc_column_container vc_col-sm-9\"><div class=\"vc_column-inner\"><div class=\"wpb_wrapper\"><div class=\"vc_row wpb_row vc_inner vc_row-fluid\"><div class=\"wpb_column vc_column_container vc_col-sm-12\"><div class=\"vc_column-inner\"><div class=\"wpb_wrapper\"><div id=\"ultimate-heading-458869e754bb4ac3d\" class=\"uvc-heading ult-adjust-bottom-margin ultimate-heading-458869e754bb4ac3d uvc-1553\" data-hspacer=\"no_spacer\"  data-halign=\"left\" style=\"text-align:left\"><div class=\"uvc-heading-spacer no_spacer\" style=\"top\"><\/div><div class=\"uvc-main-heading ult-responsive\"  data-ultimate-target='.uvc-heading.ultimate-heading-458869e754bb4ac3d h1'  data-responsive-json-new='{\"font-size\":\"desktop:20px;\",\"line-height\":\"desktop:24px;\"}' ><h1 style=\"font-weight:bold;color:#003b63;margin-top:10px;margin-bottom:10px;\">RECOMMAND\u00c9 UNIQUEMENT POUR LES RIVES EN PENTE GRADUELLE AVEC UN FOND FERME.<\/h1><\/div><\/div><\/div><\/div><\/div><\/div><div class=\"vc_row wpb_row vc_inner vc_row-fluid vc_custom_1674932580768\"><div class=\"wpb_column vc_column_container vc_col-sm-6\"><div class=\"vc_column-inner\"><div class=\"wpb_wrapper\">\n\t<div class=\"wpb_text_column wpb_content_element\" >\n\t\t<div class=\"wpb_wrapper\">\n\t\t\t<ul>\n<li>Recommand\u00e9 seulement pour les rives en pente graduelle avec un fond ferme.<\/li>\n<li>Les ensembles de quai \u00e0 roues standard sont recommand\u00e9s jusqu'\u00e0 5\u2032 de profondeur d'eau.<\/li>\n<li>Les roues robustes en poly\u00e9thyl\u00e8ne de 24\u2033 ont une capacit\u00e9 de 750 lb.<\/li>\n<li>Disponible en 4\u2032, 5\u2032, 6\u2032 et 8\u2032 de largeur.<\/li>\n<li>Les panneaux de bois doivent \u00eatre enlev\u00e9s lors de l'installation ou du retrait des cadres.<\/li>\n<li>Le dessus de 5\/4\u2033x6\u2033 disponible en bois traiter sous pressions, c\u00e8dre rouge, en aluminium (froid au toucher) ou en polypropyl\u00e8ne.<\/li>\n<li>Les poteaux avec des tubes d'essieu fix\u00e9s aux pattes de 6\u2032 permettent de rouler facilement dans et hors de l\u2019eau.<\/li>\n<li>La rampes d'acc\u00e8s Dockmaster \u00e0 cadre en aluminium disponibles de 6\u2032 \u00e0 20\u2032.<\/li>\n<li>Les cadres de quai \u00e0 roues l\u00e9gers de Dockmaster permettent l'installation et l'enl\u00e8vement par une seule personne.<\/li>\n<li>Les roues peuvent \u00eatre laiss\u00e9es dans l'eau toute la saison, il n'est pas n\u00e9cessaire de les enlever dans la plupart des applications.<\/li>\n<li>L\u2019ensemble de transport de l'\u00e9l\u00e9vateur de bateaux \u00e0 roues en poly Dockmaster 24\u2033 facilite l'installation et la d\u00e9sinstallation.<\/li>\n<li>Les roues doivent \u00eatre enlev\u00e9es une fois l'\u00e9l\u00e9vateur install\u00e9, elles ne peuvent pas supporter le poids d'un bateau.<\/li>\n<li>Les pieds standard d\u2019ensemble de quai sur roues Dockmaster sont de 3\u2032, 4\u2032 et 6\u2032 de long avec les roues d'enl\u00e8vement attach\u00e9es aux essieux sur les pieds de 6\u2032.<\/li>\n<li>Les quais sur roues Dockmaster sont disponibles en 4\u2032, 5\u2032, 6\u2032 et 8\u2032 de largeur.<\/li>\n<\/ul>\n\n\t\t<\/div>\n\t<\/div>\n<\/div><\/div><\/div><div class=\"wpb_column vc_column_container vc_col-sm-6\"><div class=\"vc_column-inner\"><div class=\"wpb_wrapper\">\n\t<div  class=\"wpb_single_image wpb_content_element vc_align_center  wpb_animate_when_almost_visible wpb_bounceIn bounceIn vc_custom_1675039540730\">\n\t\t\n\t\t<figure class=\"wpb_wrapper vc_figure\">\n\t\t\t<a href=\"https:\/\/dockmaster.ca\/wp-content\/uploads\/2023\/01\/Dockmaster-5-wide-x-20-feet-long-wheel-dock-with-a-6-access-ramp-shown..jpg\" target=\"_self\" data-large_image_width=\"550\" data-large_image_height=\"290\"  class=\"vc_single_image-wrapper vc_box_shadow_3d  vc_box_border_grey dt-pswp-item rollover rollover-zoom\"   ><img loading=\"lazy\" decoding=\"async\" width=\"550\" height=\"290\" src=\"https:\/\/dockmaster.ca\/wp-content\/uploads\/2023\/01\/Dockmaster-5-wide-x-20-feet-long-wheel-dock-with-a-6-access-ramp-shown..jpg\" class=\"vc_single_image-img attachment-large\" alt=\"\" title=\"Dockmaster-5-wide-x-20-feet-long-wheel-dock-with-a-6-access-ramp-shown.\" srcset=\"https:\/\/dockmaster.ca\/wp-content\/uploads\/2023\/01\/Dockmaster-5-wide-x-20-feet-long-wheel-dock-with-a-6-access-ramp-shown..jpg 550w, https:\/\/dockmaster.ca\/wp-content\/uploads\/2023\/01\/Dockmaster-5-wide-x-20-feet-long-wheel-dock-with-a-6-access-ramp-shown.-300x158.jpg 300w\" sizes=\"auto, (max-width: 550px) 100vw, 550px\"  data-dt-location=\"https:\/\/dockmaster.ca\/fre\/wheel-docks-2\/dockmaster-5-wide-x-20-feet-long-wheel-dock-with-a-6-access-ramp-shown\/\" \/><\/a><figcaption class=\"vc_figure-caption\">Quai \u00e0 roues Dockmaster 5'x-20\u2032 avec rampe d'acc\u00e8s 6\u2032<\/figcaption>\n\t\t<\/figure>\n\t<\/div>\n\n\t<div  class=\"wpb_single_image wpb_content_element vc_align_center  wpb_animate_when_almost_visible wpb_bounceIn bounceIn vc_custom_1675039614719\">\n\t\t\n\t\t<figure class=\"wpb_wrapper vc_figure\">\n\t\t\t<a href=\"https:\/\/dockmaster.ca\/wp-content\/uploads\/2023\/01\/heavy-duty-poly-wheel-dock-assembly.jpg\" target=\"_self\" data-large_image_width=\"550\" data-large_image_height=\"372\"  class=\"vc_single_image-wrapper vc_box_shadow_3d  vc_box_border_grey dt-pswp-item rollover rollover-zoom\"   ><img loading=\"lazy\" decoding=\"async\" width=\"550\" height=\"372\" src=\"https:\/\/dockmaster.ca\/wp-content\/uploads\/2023\/01\/heavy-duty-poly-wheel-dock-assembly.jpg\" class=\"vc_single_image-img attachment-large\" alt=\"\" title=\"heavy-duty-poly-wheel-dock-assembly\" srcset=\"https:\/\/dockmaster.ca\/wp-content\/uploads\/2023\/01\/heavy-duty-poly-wheel-dock-assembly.jpg 550w, https:\/\/dockmaster.ca\/wp-content\/uploads\/2023\/01\/heavy-duty-poly-wheel-dock-assembly-300x203.jpg 300w\" sizes=\"auto, (max-width: 550px) 100vw, 550px\"  data-dt-location=\"https:\/\/dockmaster.ca\/fre\/wheel-docks-2\/heavy-duty-poly-wheel-dock-assembly\/\" \/><\/a><figcaption class=\"vc_figure-caption\">Ensemble de quai \u00e0 roues en poly ultra-robuste<\/figcaption>\n\t\t<\/figure>\n\t<\/div>\n\n\t<div  class=\"wpb_single_image wpb_content_element vc_align_center  wpb_animate_when_almost_visible wpb_bounceIn bounceIn vc_custom_1675039646518\">\n\t\t\n\t\t<figure class=\"wpb_wrapper vc_figure\">\n\t\t\t<a href=\"https:\/\/dockmaster.ca\/wp-content\/uploads\/2023\/01\/wheeldock6w-2.jpg\" target=\"_self\" data-large_image_width=\"450\" data-large_image_height=\"248\"  class=\"vc_single_image-wrapper vc_box_shadow_3d  vc_box_border_grey dt-pswp-item rollover rollover-zoom\"   ><img loading=\"lazy\" decoding=\"async\" width=\"450\" height=\"248\" src=\"https:\/\/dockmaster.ca\/wp-content\/uploads\/2023\/01\/wheeldock6w-2.jpg\" class=\"vc_single_image-img attachment-large\" alt=\"\" title=\"wheeldock6w-2\" srcset=\"https:\/\/dockmaster.ca\/wp-content\/uploads\/2023\/01\/wheeldock6w-2.jpg 450w, https:\/\/dockmaster.ca\/wp-content\/uploads\/2023\/01\/wheeldock6w-2-300x165.jpg 300w\" sizes=\"auto, (max-width: 450px) 100vw, 450px\"  data-dt-location=\"https:\/\/dockmaster.ca\/fre\/wheel-docks-2\/wheeldock6w-2\/\" \/><\/a><figcaption class=\"vc_figure-caption\">Roue en poly \u00e9quip\u00e9e d'un axe soud\u00e9 pour une r\u00e9sistance sup\u00e9rieure<\/figcaption>\n\t\t<\/figure>\n\t<\/div>\n\n\t<div  class=\"wpb_single_image wpb_content_element vc_align_center  wpb_animate_when_almost_visible wpb_bounceIn bounceIn vc_custom_1675039727362\">\n\t\t\n\t\t<figure class=\"wpb_wrapper vc_figure\">\n\t\t\t<a href=\"https:\/\/dockmaster.ca\/wp-content\/uploads\/2023\/01\/dockwheel-300x171-1.jpg\" target=\"_self\" data-large_image_width=\"300\" data-large_image_height=\"171\"  class=\"vc_single_image-wrapper vc_box_shadow_3d  vc_box_border_grey dt-pswp-item rollover rollover-zoom\"   ><img loading=\"lazy\" decoding=\"async\" width=\"300\" height=\"171\" src=\"https:\/\/dockmaster.ca\/wp-content\/uploads\/2023\/01\/dockwheel-300x171-1.jpg\" class=\"vc_single_image-img attachment-large\" alt=\"\" title=\"dockwheel-300x171\"  data-dt-location=\"https:\/\/dockmaster.ca\/fre\/wheel-docks-2\/dockwheel-300x171\/\" \/><\/a>\n\t\t<\/figure>\n\t<\/div>\n<\/div><\/div><\/div><\/div><\/div><\/div><\/div><div class=\"wpb_column vc_column_container vc_col-sm-3 vc_col-has-fill\"><div class=\"vc_column-inner vc_custom_1674688376705\"><div class=\"wpb_wrapper\"><div id=\"ultimate-heading-635869e754bb4d108\" class=\"uvc-heading ult-adjust-bottom-margin ultimate-heading-635869e754bb4d108 uvc-8215\" data-hspacer=\"line_only\"  data-halign=\"center\" style=\"text-align:center\"><div class=\"uvc-main-heading ult-responsive\"  data-ultimate-target='.uvc-heading.ultimate-heading-635869e754bb4d108 h3'  data-responsive-json-new='{\"font-size\":\"desktop:20px;\",\"line-height\":\"desktop:24px;\"}' ><h3 style=\"font-weight:bold;color:#003b63;margin-top:10px;margin-bottom:10px;\">GARANTIE \u00c0 VIE<\/h3><\/div><div class=\"uvc-heading-spacer line_only\" style=\"margin-bottom:20px;height:1px;\"><span class=\"uvc-headings-line\" style=\"border-style:solid;border-bottom-width:1px;border-color:#1e73be;width:80px;\"><\/span><\/div><\/div>\n\t<div  class=\"wpb_single_image wpb_content_element vc_align_center\">\n\t\t\n\t\t<figure class=\"wpb_wrapper vc_figure\">\n\t\t\t<div class=\"vc_single_image-wrapper   vc_box_border_grey\"><img decoding=\"async\" class=\"vc_single_image-img\" src=\"https:\/\/dockmaster.ca\/wp-content\/uploads\/2024\/01\/Dockmaster-with-warranty-4-FRE.png\" width=\"350\" height=\"250\" alt=\"Dockmaster-with-warranty-11\" title=\"Dockmaster-with-warranty-11\" loading=\"lazy\"  data-dt-location=\"https:\/\/dockmaster.ca\/fre\/?attachment_id=3745\" \/><\/div>\n\t\t<\/figure>\n\t<\/div>\n<div class=\"vc_custom_1707402351564 ubtn-ctn-center\"><a class=\"ubtn-link ult-adjust-bottom-margin ubtn-center ubtn-custom\" href=\"https:\/\/dockmaster.ca\/fre\/warranty-registration\/\" title=\"GARANTIE\" ><button type=\"button\" id=\"ubtn-7813\"  class=\"ubtn ult-adjust-bottom-margin ult-responsive ubtn-custom ubtn-no-hover-bg  none  ubtn-center   tooltip-69e754bb4d56f\"  data-hover=\"\" data-border-color=\"\" data-bg=\"#23bf00\" data-hover-bg=\"\" data-border-hover=\"\" data-shadow-hover=\"\" data-shadow-click=\"none\" data-shadow=\"\" data-shd-shadow=\"\"  data-ultimate-target='#ubtn-7813'  data-responsive-json-new='{\"font-size\":\"desktop:16px;\",\"line-height\":\"desktop:20px;\"}'  style=\"font-weight:bold;width:300px;min-height:40px;padding:15px 10px;border:none;background: #23bf00;color: #ffffff;\"><span class=\"ubtn-hover\" style=\"background-color:\"><\/span><span class=\"ubtn-data ubtn-text\" >EN SAVOIR PLUS<\/span><\/button><\/a><\/div><div id=\"ultimate-heading-264969e754bb4d614\" class=\"uvc-heading ult-adjust-bottom-margin ultimate-heading-264969e754bb4d614 uvc-2278\" data-hspacer=\"line_only\"  data-halign=\"center\" style=\"text-align:center\"><div class=\"uvc-main-heading ult-responsive\"  data-ultimate-target='.uvc-heading.ultimate-heading-264969e754bb4d614 h3'  data-responsive-json-new='{\"font-size\":\"desktop:20px;\",\"line-height\":\"desktop:24px;\"}' ><h3 style=\"font-weight:bold;color:#003b63;margin-top:10px;margin-bottom:10px;\">NEED FINANCING?<\/h3><\/div><div class=\"uvc-heading-spacer line_only\" style=\"margin-bottom:20px;height:1px;\"><span class=\"uvc-headings-line\" style=\"border-style:solid;border-bottom-width:1px;border-color:#1e73be;width:80px;\"><\/span><\/div><\/div>\n\t<div  class=\"wpb_single_image wpb_content_element vc_align_center\">\n\t\t\n\t\t<figure class=\"wpb_wrapper vc_figure\">\n\t\t\t<a href=\"https:\/\/www.financeit.ca\/s\/iZP64Q\" target=\"_blank\"  class=\"vc_single_image-wrapper   vc_box_border_grey rollover\"   ><img decoding=\"async\" class=\"vc_single_image-img\" src=\"https:\/\/dockmaster.ca\/wp-content\/uploads\/2025\/10\/999-percent-en-sq-250x250.png\" width=\"250\" height=\"250\" alt=\"999-percent-en-sq\" title=\"999-percent-en-sq\" loading=\"lazy\"  data-dt-location=\"https:\/\/dockmaster.ca\/fre\/dockmaster-instantdeck-benchmaster\/999-percent-en-sq\/\" \/><\/a>\n\t\t<\/figure>\n\t<\/div>\n<div class=\"vc_custom_1759783401673 ubtn-ctn-center\"><a class=\"ubtn-link ult-adjust-bottom-margin ubtn-center ubtn-custom\" href=\"https:\/\/www.financeit.ca\/s\/iZP64Q\" title=\"FINANCE IT APP\" target=\"_blank\" rel=\"noopener\" ><button type=\"button\" id=\"ubtn-6610\"  class=\"ubtn ult-adjust-bottom-margin ult-responsive ubtn-custom ubtn-no-hover-bg  none  ubtn-center   tooltip-69e754bb4db57\"  data-hover=\"\" data-border-color=\"\" data-bg=\"#23bf00\" data-hover-bg=\"\" data-border-hover=\"\" data-shadow-hover=\"\" data-shadow-click=\"none\" data-shadow=\"\" data-shd-shadow=\"\"  data-ultimate-target='#ubtn-6610'  data-responsive-json-new='{\"font-size\":\"desktop:16px;\",\"line-height\":\"desktop:20px;\"}'  style=\"font-weight:bold;width:300px;min-height:40px;padding:20px 10px;border:none;background: #23bf00;color: #ffffff;\"><span class=\"ubtn-hover\" style=\"background-color:\"><\/span><span class=\"ubtn-data ubtn-text\" >APPLY HERE!<\/span><\/button><\/a><\/div><div id=\"ultimate-heading-984869e754bb4dbdd\" class=\"uvc-heading ult-adjust-bottom-margin ultimate-heading-984869e754bb4dbdd uvc-8407\" data-hspacer=\"line_only\"  data-halign=\"center\" style=\"text-align:center\"><div class=\"uvc-main-heading ult-responsive\"  data-ultimate-target='.uvc-heading.ultimate-heading-984869e754bb4dbdd h3'  data-responsive-json-new='{\"font-size\":\"desktop:20px;\",\"line-height\":\"desktop:24px;\"}' ><h3 style=\"font-weight:bold;color:#003b63;margin-top:10px;margin-bottom:10px;\">NOS NOUVEAUX ARTICLES<\/h3><\/div><div class=\"uvc-heading-spacer line_only\" style=\"margin-bottom:20px;height:1px;\"><span class=\"uvc-headings-line\" style=\"border-style:solid;border-bottom-width:1px;border-color:#1e73be;width:80px;\"><\/span><\/div><\/div>\n\t<div  class=\"wpb_single_image wpb_content_element vc_align_center\">\n\t\t\n\t\t<figure class=\"wpb_wrapper vc_figure\">\n\t\t\t<a href=\"https:\/\/dockmaster.ca\/fre\/new-specialty-items\/\" target=\"_self\"  class=\"vc_single_image-wrapper   vc_box_border_grey rollover\"   ><img decoding=\"async\" class=\"vc_single_image-img\" src=\"https:\/\/dockmaster.ca\/wp-content\/uploads\/2024\/03\/decking-2-on-deck-300x225.jpg\" width=\"300\" height=\"225\" alt=\"decking 2 - on deck\" title=\"decking 2 - on deck\" loading=\"lazy\"  data-dt-location=\"https:\/\/dockmaster.ca\/fre\/series-i-inside-leg-docks\/decking-2-on-deck\/\" \/><\/a>\n\t\t<\/figure>\n\t<\/div>\n<div class=\"vc_custom_1707402434237 ubtn-ctn-center\"><a class=\"ubtn-link ult-adjust-bottom-margin ubtn-center ubtn-custom\" href=\"https:\/\/dockmaster.ca\/fre\/new-specialty-items\/\" title=\"NOS NOUVEAUX ARTICLES\" ><button type=\"button\" id=\"ubtn-5883\"  class=\"ubtn ult-adjust-bottom-margin ult-responsive ubtn-custom ubtn-no-hover-bg  none  ubtn-center   tooltip-69e754bb4e13b\"  data-hover=\"\" data-border-color=\"\" data-bg=\"#23bf00\" data-hover-bg=\"\" data-border-hover=\"\" data-shadow-hover=\"\" data-shadow-click=\"none\" data-shadow=\"\" data-shd-shadow=\"\"  data-ultimate-target='#ubtn-5883'  data-responsive-json-new='{\"font-size\":\"desktop:16px;\",\"line-height\":\"desktop:20px;\"}'  style=\"font-weight:bold;width:300px;min-height:40px;padding:20px 10px;border:none;background: #23bf00;color: #ffffff;\"><span class=\"ubtn-hover\" style=\"background-color:\"><\/span><span class=\"ubtn-data ubtn-text\" >PLUS D'INFORMATION<\/span><\/button><\/a><\/div><\/div><\/div><\/div><\/div><div class=\"vc_row wpb_row vc_row-fluid dt-default\" style=\"margin-top: 0px;margin-bottom: 0px\"><div class=\"wpb_column vc_column_container vc_col-sm-12\"><div class=\"vc_column-inner\"><div class=\"wpb_wrapper\"><\/div><\/div><\/div><\/div><!-- Row Backgrounds --><div class=\"upb_color\" data-bg-override=\"ex-full\" data-bg-color=\"#1f365c\" data-fadeout=\"\" data-fadeout-percentage=\"30\" data-parallax-content=\"\" data-parallax-content-sense=\"30\" data-row-effect-mobile-disable=\"true\" data-img-parallax-mobile-disable=\"true\" data-rtl=\"false\"  data-custom-vc-row=\"\"  data-vc=\"8.7.2\"  data-is_old_vc=\"\"  data-theme-support=\"\"   data-overlay=\"false\" data-overlay-color=\"\" data-overlay-pattern=\"\" data-overlay-pattern-opacity=\"\" data-overlay-pattern-size=\"\"    ><\/div>\n<\/div>","protected":false},"excerpt":{"rendered":"<p>RECOMMENDED ONLY FOR GRADUAL SLOPED SHORELINES WITH A FIRM BOTTOM. Recommended only for gradual sloped shorelines with a firm bottom. Standard wheel dock kits are recommended to 5\u2032 of water depth. Heavy-duty 24\u2033 poly wheels have a 750lb. capacity. Available in 4\u2032, 5\u2032, 6\u2032 and 8\u2032 widths. Wood panels must be removed when installing or&hellip;<\/p>","protected":false},"author":1,"featured_media":0,"parent":0,"menu_order":0,"comment_status":"closed","ping_status":"closed","template":"","meta":{"footnotes":""},"class_list":["post-2915","page","type-page","status-publish","hentry","description-off"],"yoast_head":"<!-- This site is optimized with the Yoast SEO plugin v27.4 - https:\/\/yoast.com\/product\/yoast-seo-wordpress\/ -->\n<title>Wheel Docks - Dockmaster - InstantDeck - Benchmaster - Dockmaster - Instant Decks - Aluminum Docks, Floating Docks, Standing Docks, Instant Decks, Benches and Accessorie<\/title>\n<meta name=\"robots\" content=\"index, follow, max-snippet:-1, max-image-preview:large, max-video-preview:-1\" \/>\n<link rel=\"canonical\" href=\"https:\/\/dockmaster.ca\/fre\/wheel-docks-2\/\" \/>\n<meta property=\"og:locale\" content=\"fr_CA\" \/>\n<meta property=\"og:type\" content=\"article\" \/>\n<meta property=\"og:title\" content=\"Wheel Docks - Dockmaster - InstantDeck - Benchmaster - Dockmaster - Instant Decks - Aluminum Docks, Floating Docks, Standing Docks, Instant Decks, Benches and Accessorie\" \/>\n<meta property=\"og:url\" content=\"https:\/\/dockmaster.ca\/fre\/wheel-docks-2\/\" \/>\n<meta property=\"og:site_name\" content=\"Dockmaster - InstantDeck - Benchmaster - Dockmaster - Instant Decks - Aluminum Docks, Floating Docks, Standing Docks, Instant Decks, Benches and Accessorie\" \/>\n<meta property=\"article:publisher\" content=\"https:\/\/www.facebook.com\/dockmasterdocks\/\" \/>\n<meta property=\"article:modified_time\" content=\"2025-10-06T20:43:36+00:00\" \/>\n<meta name=\"twitter:card\" content=\"summary_large_image\" \/>\n<meta name=\"twitter:label1\" content=\"Estimation du temps de lecture\" \/>\n\t<meta name=\"twitter:data1\" content=\"3 minutes\" \/>\n<script type=\"application\/ld+json\" class=\"yoast-schema-graph\">{\"@context\":\"https:\\\/\\\/schema.org\",\"@graph\":[{\"@type\":\"WebPage\",\"@id\":\"https:\\\/\\\/dockmaster.ca\\\/wheel-docks-2\\\/\",\"url\":\"https:\\\/\\\/dockmaster.ca\\\/wheel-docks-2\\\/\",\"name\":\"Wheel Docks - Dockmaster - InstantDeck - Benchmaster - Dockmaster - Instant Decks - Aluminum Docks, Floating Docks, Standing Docks, Instant Decks, Benches and Accessorie\",\"isPartOf\":{\"@id\":\"https:\\\/\\\/dockmaster.ca\\\/#website\"},\"datePublished\":\"2023-01-30T00:49:19+00:00\",\"dateModified\":\"2025-10-06T20:43:36+00:00\",\"breadcrumb\":{\"@id\":\"https:\\\/\\\/dockmaster.ca\\\/wheel-docks-2\\\/#breadcrumb\"},\"inLanguage\":\"fr-CA\",\"potentialAction\":[{\"@type\":\"ReadAction\",\"target\":[\"https:\\\/\\\/dockmaster.ca\\\/wheel-docks-2\\\/\"]}]},{\"@type\":\"BreadcrumbList\",\"@id\":\"https:\\\/\\\/dockmaster.ca\\\/wheel-docks-2\\\/#breadcrumb\",\"itemListElement\":[{\"@type\":\"ListItem\",\"position\":1,\"name\":\"Home\",\"item\":\"https:\\\/\\\/dockmaster.ca\\\/\"},{\"@type\":\"ListItem\",\"position\":2,\"name\":\"Wheel Docks\"}]},{\"@type\":\"WebSite\",\"@id\":\"https:\\\/\\\/dockmaster.ca\\\/#website\",\"url\":\"https:\\\/\\\/dockmaster.ca\\\/\",\"name\":\"Dockmaster - InstantDeck - Benchmaster - Dockmaster - Instant Decks - Aluminum Docks, Floating Docks, Standing Docks, Instant Decks, Benches and Accessorie\",\"description\":\"Dockmaster - InstantDeck - Benchmaster\",\"publisher\":{\"@id\":\"https:\\\/\\\/dockmaster.ca\\\/#organization\"},\"alternateName\":\"Dockmaster\",\"potentialAction\":[{\"@type\":\"SearchAction\",\"target\":{\"@type\":\"EntryPoint\",\"urlTemplate\":\"https:\\\/\\\/dockmaster.ca\\\/?s={search_term_string}\"},\"query-input\":{\"@type\":\"PropertyValueSpecification\",\"valueRequired\":true,\"valueName\":\"search_term_string\"}}],\"inLanguage\":\"fr-CA\"},{\"@type\":\"Organization\",\"@id\":\"https:\\\/\\\/dockmaster.ca\\\/#organization\",\"name\":\"Dockmaster - InstantDeck - Benchmaster - Dockmaster - Instant Decks - Aluminum Docks, Floating Docks, Standing Docks, Instant Decks, Benches and Accessorie\",\"url\":\"https:\\\/\\\/dockmaster.ca\\\/\",\"logo\":{\"@type\":\"ImageObject\",\"inLanguage\":\"fr-CA\",\"@id\":\"https:\\\/\\\/dockmaster.ca\\\/#\\\/schema\\\/logo\\\/image\\\/\",\"url\":\"https:\\\/\\\/dockmaster.ca\\\/wp-content\\\/uploads\\\/2022\\\/12\\\/Dock-InstantM-logo-01-Small-Bottom.png\",\"contentUrl\":\"https:\\\/\\\/dockmaster.ca\\\/wp-content\\\/uploads\\\/2022\\\/12\\\/Dock-InstantM-logo-01-Small-Bottom.png\",\"width\":317,\"height\":50,\"caption\":\"Dockmaster - InstantDeck - Benchmaster - Dockmaster - Instant Decks - Aluminum Docks, Floating Docks, Standing Docks, Instant Decks, Benches and Accessorie\"},\"image\":{\"@id\":\"https:\\\/\\\/dockmaster.ca\\\/#\\\/schema\\\/logo\\\/image\\\/\"},\"sameAs\":[\"https:\\\/\\\/www.facebook.com\\\/dockmasterdocks\\\/\",\"https:\\\/\\\/www.instagram.com\\\/dockmaster.ca\\\/\",\"https:\\\/\\\/www.youtube.com\\\/channel\\\/UCGbJrzAUlamrnAmSjbImRqg\"]}]}<\/script>\n<!-- \/ Yoast SEO plugin. -->","yoast_head_json":{"title":"Wheel Docks - Dockmaster - InstantDeck - Benchmaster - Dockmaster - Instant Decks - Aluminum Docks, Floating Docks, Standing Docks, Instant Decks, Benches and Accessorie","robots":{"index":"index","follow":"follow","max-snippet":"max-snippet:-1","max-image-preview":"max-image-preview:large","max-video-preview":"max-video-preview:-1"},"canonical":"https:\/\/dockmaster.ca\/fre\/wheel-docks-2\/","og_locale":"fr_CA","og_type":"article","og_title":"Wheel Docks - Dockmaster - InstantDeck - Benchmaster - Dockmaster - Instant Decks - Aluminum Docks, Floating Docks, Standing Docks, Instant Decks, Benches and Accessorie","og_url":"https:\/\/dockmaster.ca\/fre\/wheel-docks-2\/","og_site_name":"Dockmaster - InstantDeck - Benchmaster - Dockmaster - Instant Decks - Aluminum Docks, Floating Docks, Standing Docks, Instant Decks, Benches and Accessorie","article_publisher":"https:\/\/www.facebook.com\/dockmasterdocks\/","article_modified_time":"2025-10-06T20:43:36+00:00","twitter_card":"summary_large_image","twitter_misc":{"Estimation du temps de lecture":"3 minutes"},"schema":{"@context":"https:\/\/schema.org","@graph":[{"@type":"WebPage","@id":"https:\/\/dockmaster.ca\/wheel-docks-2\/","url":"https:\/\/dockmaster.ca\/wheel-docks-2\/","name":"Wheel Docks - Dockmaster - InstantDeck - Benchmaster - Dockmaster - Instant Decks - Aluminum Docks, Floating Docks, Standing Docks, Instant Decks, Benches and Accessorie","isPartOf":{"@id":"https:\/\/dockmaster.ca\/#website"},"datePublished":"2023-01-30T00:49:19+00:00","dateModified":"2025-10-06T20:43:36+00:00","breadcrumb":{"@id":"https:\/\/dockmaster.ca\/wheel-docks-2\/#breadcrumb"},"inLanguage":"fr-CA","potentialAction":[{"@type":"ReadAction","target":["https:\/\/dockmaster.ca\/wheel-docks-2\/"]}]},{"@type":"BreadcrumbList","@id":"https:\/\/dockmaster.ca\/wheel-docks-2\/#breadcrumb","itemListElement":[{"@type":"ListItem","position":1,"name":"Home","item":"https:\/\/dockmaster.ca\/"},{"@type":"ListItem","position":2,"name":"Wheel Docks"}]},{"@type":"WebSite","@id":"https:\/\/dockmaster.ca\/#website","url":"https:\/\/dockmaster.ca\/","name":"Dockmaster - InstantDeck - Benchmaster - Dockmaster - Instant Decks - Aluminum Docks, Floating Docks, Standing Docks, Instant Decks, Benches and Accessorie","description":"Dockmaster - InstantDeck - Benchmaster","publisher":{"@id":"https:\/\/dockmaster.ca\/#organization"},"alternateName":"Dockmaster","potentialAction":[{"@type":"SearchAction","target":{"@type":"EntryPoint","urlTemplate":"https:\/\/dockmaster.ca\/?s={search_term_string}"},"query-input":{"@type":"PropertyValueSpecification","valueRequired":true,"valueName":"search_term_string"}}],"inLanguage":"fr-CA"},{"@type":"Organization","@id":"https:\/\/dockmaster.ca\/#organization","name":"Dockmaster - InstantDeck - Benchmaster - Dockmaster - Instant Decks - Aluminum Docks, Floating Docks, Standing Docks, Instant Decks, Benches and Accessorie","url":"https:\/\/dockmaster.ca\/","logo":{"@type":"ImageObject","inLanguage":"fr-CA","@id":"https:\/\/dockmaster.ca\/#\/schema\/logo\/image\/","url":"https:\/\/dockmaster.ca\/wp-content\/uploads\/2022\/12\/Dock-InstantM-logo-01-Small-Bottom.png","contentUrl":"https:\/\/dockmaster.ca\/wp-content\/uploads\/2022\/12\/Dock-InstantM-logo-01-Small-Bottom.png","width":317,"height":50,"caption":"Dockmaster - InstantDeck - Benchmaster - Dockmaster - Instant Decks - Aluminum Docks, Floating Docks, Standing Docks, Instant Decks, Benches and Accessorie"},"image":{"@id":"https:\/\/dockmaster.ca\/#\/schema\/logo\/image\/"},"sameAs":["https:\/\/www.facebook.com\/dockmasterdocks\/","https:\/\/www.instagram.com\/dockmaster.ca\/","https:\/\/www.youtube.com\/channel\/UCGbJrzAUlamrnAmSjbImRqg"]}]}},"_links":{"self":[{"href":"https:\/\/dockmaster.ca\/fre\/wp-json\/wp\/v2\/pages\/2915","targetHints":{"allow":["GET"]}}],"collection":[{"href":"https:\/\/dockmaster.ca\/fre\/wp-json\/wp\/v2\/pages"}],"about":[{"href":"https:\/\/dockmaster.ca\/fre\/wp-json\/wp\/v2\/types\/page"}],"author":[{"embeddable":true,"href":"https:\/\/dockmaster.ca\/fre\/wp-json\/wp\/v2\/users\/1"}],"replies":[{"embeddable":true,"href":"https:\/\/dockmaster.ca\/fre\/wp-json\/wp\/v2\/comments?post=2915"}],"version-history":[{"count":20,"href":"https:\/\/dockmaster.ca\/fre\/wp-json\/wp\/v2\/pages\/2915\/revisions"}],"predecessor-version":[{"id":5613,"href":"https:\/\/dockmaster.ca\/fre\/wp-json\/wp\/v2\/pages\/2915\/revisions\/5613"}],"wp:attachment":[{"href":"https:\/\/dockmaster.ca\/fre\/wp-json\/wp\/v2\/media?parent=2915"}],"curies":[{"name":"wp","href":"https:\/\/api.w.org\/{rel}","templated":true}]}}