{"id":3216,"date":"2023-02-03T12:25:39","date_gmt":"2023-02-03T12:25:39","guid":{"rendered":"https:\/\/print4business.ca\/dockmaster2022\/?page_id=3216"},"modified":"2025-10-06T20:29:16","modified_gmt":"2025-10-06T20:29:16","slug":"floating-docks2","status":"publish","type":"page","link":"https:\/\/dockmaster.ca\/fre\/floating-docks2\/","title":{"rendered":"Quais flottants"},"content":{"rendered":"<div class=\"wpb-content-wrapper\"><div class=\"vc_row wpb_row vc_row-fluid dt-default\" style=\"margin-top: 0px;margin-bottom: 0px\"><div class=\"wpb_column vc_column_container vc_col-sm-9\"><div class=\"vc_column-inner\"><div class=\"wpb_wrapper\"><div class=\"vc_row wpb_row vc_inner vc_row-fluid\"><div class=\"wpb_column vc_column_container vc_col-sm-12\"><div class=\"vc_column-inner\"><div class=\"wpb_wrapper\"><h2 style=\"text-align: center\" class=\"vc_custom_heading vc_do_custom_heading\" >LES QUAIS AMOVIBLES DOCKMASTER SONT RECOMMAND\u00c9S POUR L'AMARRAGE TEMPORAIRE DES BATEAUX<\/h2><\/div><\/div><\/div><\/div><div class=\"vc_row wpb_row vc_inner vc_row-fluid\"><div class=\"wpb_column vc_column_container vc_col-sm-6\"><div class=\"vc_column-inner\"><div class=\"wpb_wrapper\"><div class=\"vc-hoverbox-wrapper  vc_custom_1707400102910 vc-hoverbox-shape--rounded vc-hoverbox-align--center vc-hoverbox-direction--default vc-hoverbox-width--100\"  ontouchstart=\"\">\n  <div class=\"vc-hoverbox\">\n    <div class=\"vc-hoverbox-inner\">\n      <div class=\"vc-hoverbox-block vc-hoverbox-front\" style=\"background-image: url(https:\/\/dockmaster.ca\/wp-content\/uploads\/2023\/01\/Series-II-6x24-with-a-custom-ramp-300x279-1.jpg);\">\n        <div class=\"vc-hoverbox-block-inner vc-hoverbox-front-inner\">\n            <h2 style=\"font-size: 35px;color: #ffffff;text-align: center\" class=\"vc_custom_heading vc_do_custom_heading\">S\u00c9RIE I QUAIS FLOTTANTS<\/h2>\n        <\/div>\n      <\/div>\n      <div class=\"vc-hoverbox-block vc-hoverbox-back\" style=\"background-color: #ebebeb;\">\n        <div class=\"vc-hoverbox-block-inner vc-hoverbox-back-inner\">\n            <h2 style=\"text-align:center\">S\u00c9RIE I QUAIS FLOTTANTS<\/h2>\n            <ul>\n<li>Aluminium, cadres 2\u2033x 4\u2033 enti\u00e8rement soud\u00e9s avec coins \u00e0 soufflets.<\/li>\n<li>C\u00e8dre rouge de l'Ouest, ou aluminium Cool touch, et dessus antid\u00e9rapant en polypropyl\u00e8ne.<\/li>\n<\/ul>\n\n            <div class=\"vc_btn3-container  wpb_animate_when_almost_visible wpb_bounceIn bounceIn vc_btn3-center\" ><a class=\"vc_general vc_btn3 vc_btn3-size-lg vc_btn3-shape-rounded vc_btn3-style-3d vc_btn3-block vc_btn3-color-primary\" href=\"https:\/\/dockmaster.ca\/fre\/series-i-floating-docks-with-side-gallery\/\" title=\"S\u00c9RIE I QUAIS FLOTTANTS\">LIRE LA SUITE...<\/a><\/div>\n        <\/div>\n      <\/div>\n    <\/div>\n  <\/div>\n<\/div><\/div><\/div><\/div><div class=\"wpb_column vc_column_container vc_col-sm-6\"><div class=\"vc_column-inner\"><div class=\"wpb_wrapper\"><div class=\"vc-hoverbox-wrapper  vc_custom_1707400116613 vc-hoverbox-shape--rounded vc-hoverbox-align--center vc-hoverbox-direction--default vc-hoverbox-width--100\"  ontouchstart=\"\">\n  <div class=\"vc-hoverbox\">\n    <div class=\"vc-hoverbox-inner\">\n      <div class=\"vc-hoverbox-block vc-hoverbox-front\" style=\"background-image: url(https:\/\/dockmaster.ca\/wp-content\/uploads\/2023\/01\/Series-II-floating-boat-dock-with-mooring-fingers-1024x768.jpg);\">\n        <div class=\"vc-hoverbox-block-inner vc-hoverbox-front-inner\">\n            <h2 style=\"font-size: 35px;color: #ffffff;text-align: center\" class=\"vc_custom_heading vc_do_custom_heading\">S\u00c9RIE II QUAIS FLOTTANTS<\/h2>\n        <\/div>\n      <\/div>\n      <div class=\"vc-hoverbox-block vc-hoverbox-back\" style=\"background-color: #ebebeb;\">\n        <div class=\"vc-hoverbox-block-inner vc-hoverbox-back-inner\">\n            <h2 style=\"text-align:center\">S\u00c9RIE II QUAIS FLOTTANTS<\/h2>\n            <ul>\n<li>Les quais Dockmaster Heavy Duty Series II sont parfaits pour les applications de vill\u00e9giature ou de chalets \u00e0 usage intensif.<\/li>\n<li>Id\u00e9al pour les terrains de camping, les centres de vill\u00e9giature ou les municipalit\u00e9s.<\/li>\n<\/ul>\n\n            <div class=\"vc_btn3-container  wpb_animate_when_almost_visible wpb_bounceIn bounceIn vc_btn3-center\" ><a class=\"vc_general vc_btn3 vc_btn3-size-lg vc_btn3-shape-rounded vc_btn3-style-3d vc_btn3-block vc_btn3-color-primary\" href=\"https:\/\/dockmaster.ca\/fre\/series-ii-floating-docks-with-side-gallery\/\" title=\"S\u00c9RIE II QUAIS FLOTTANTS\">LIRE LA SUITE...<\/a><\/div>\n        <\/div>\n      <\/div>\n    <\/div>\n  <\/div>\n<\/div><\/div><\/div><\/div><\/div><div class=\"vc_row wpb_row vc_inner vc_row-fluid\"><div class=\"wpb_column vc_column_container vc_col-sm-6\"><div class=\"vc_column-inner\"><div class=\"wpb_wrapper\"><div class=\"vc-hoverbox-wrapper  vc_custom_1707400132222 vc-hoverbox-shape--rounded vc-hoverbox-align--center vc-hoverbox-direction--default vc-hoverbox-width--100\"  ontouchstart=\"\">\n  <div class=\"vc-hoverbox\">\n    <div class=\"vc-hoverbox-inner\">\n      <div class=\"vc-hoverbox-block vc-hoverbox-front\" style=\"background-image: url(https:\/\/dockmaster.ca\/wp-content\/uploads\/2023\/01\/Series-III-wheel-floater-dock-and-accessories-1024x466-1.jpg);\">\n        <div class=\"vc-hoverbox-block-inner vc-hoverbox-front-inner\">\n            <h2 style=\"font-size: 35px;color: #ffffff;text-align: center\" class=\"vc_custom_heading vc_do_custom_heading\">S\u00c9RIE III QUAIS FLOTTANTS<\/h2>\n        <\/div>\n      <\/div>\n      <div class=\"vc-hoverbox-block vc-hoverbox-back\" style=\"background-color: #ebebeb;\">\n        <div class=\"vc-hoverbox-block-inner vc-hoverbox-back-inner\">\n            <h2 style=\"text-align:center\">S\u00c9RIE III QUAIS FLOTTANTS<\/h2>\n            <ul>\n<li>Roue remplie de mousse, capacit\u00e9 de charge de 750 lb par roue.<\/li>\n<li>La roue est int\u00e9gr\u00e9e dans le flotteur pour une flottaison de 575lb.<\/li>\n<\/ul>\n\n            <div class=\"vc_btn3-container  wpb_animate_when_almost_visible wpb_bounceIn bounceIn vc_btn3-center\" ><a class=\"vc_general vc_btn3 vc_btn3-size-lg vc_btn3-shape-rounded vc_btn3-style-3d vc_btn3-block vc_btn3-color-primary\" href=\"https:\/\/dockmaster.ca\/fre\/series-iii-floating-docks-with-side-gallery\/\" title=\"S\u00c9RIE III QUAIS FLOTTANTS\">LIRE LA SUITE...<\/a><\/div>\n        <\/div>\n      <\/div>\n    <\/div>\n  <\/div>\n<\/div><\/div><\/div><\/div><div class=\"wpb_column vc_column_container vc_col-sm-6\"><div class=\"vc_column-inner\"><div class=\"wpb_wrapper\"><div class=\"vc-hoverbox-wrapper  vc_custom_1707400151985 vc-hoverbox-shape--rounded vc-hoverbox-align--center vc-hoverbox-direction--default vc-hoverbox-width--100\"  ontouchstart=\"\">\n  <div class=\"vc-hoverbox\">\n    <div class=\"vc-hoverbox-inner\">\n      <div class=\"vc-hoverbox-block vc-hoverbox-front\" style=\"background-image: url(https:\/\/dockmaster.ca\/wp-content\/uploads\/2023\/03\/Swim-Rafts-and-Series-I-and-Series-II-floaters-with-custom-ramp-1024x684.jpg);\">\n        <div class=\"vc-hoverbox-block-inner vc-hoverbox-front-inner\">\n            <h2 style=\"font-size: 35px;color: #ffffff;text-align: center\" class=\"vc_custom_heading vc_do_custom_heading\">Radeaux de Natation<\/h2>\n        <\/div>\n      <\/div>\n      <div class=\"vc-hoverbox-block vc-hoverbox-back\" style=\"background-color: #ebebeb;\">\n        <div class=\"vc-hoverbox-block-inner vc-hoverbox-back-inner\">\n            <h2 style=\"text-align:center\">RADEAU DE NATATION<\/h2>\n            <ul>\n<li>Tous les radeaux de baignade Dockmaster sont fabriqu\u00e9s \u00e0 partir d'un cadre soud\u00e9 en aluminium l\u00e9ger.<\/li>\n<li>Les radeaux de baignade Dockmaster sont dot\u00e9s de panneaux de dessus amovibles qui permettent une installation et un retrait plus l\u00e9gers.<\/li>\n<\/ul>\n\n            <div class=\"vc_btn3-container  wpb_animate_when_almost_visible wpb_bounceIn bounceIn vc_btn3-center\" ><a class=\"vc_general vc_btn3 vc_btn3-size-lg vc_btn3-shape-rounded vc_btn3-style-3d vc_btn3-block vc_btn3-color-primary\" href=\"https:\/\/dockmaster.ca\/fre\/swim-rafts\/\" title=\"RADEAU DE NATATION\">LIRE LA SUITE...<\/a><\/div>\n        <\/div>\n      <\/div>\n    <\/div>\n  <\/div>\n<\/div><\/div><\/div><\/div><\/div><\/div><\/div><\/div><div class=\"wpb_column vc_column_container vc_col-sm-3 vc_col-has-fill\"><div class=\"vc_column-inner vc_custom_1674688376705\"><div class=\"wpb_wrapper\"><div id=\"ultimate-heading-892469e6577b036fd\" class=\"uvc-heading ult-adjust-bottom-margin ultimate-heading-892469e6577b036fd uvc-7748\" data-hspacer=\"line_only\"  data-halign=\"center\" style=\"text-align:center\"><div class=\"uvc-main-heading ult-responsive\"  data-ultimate-target='.uvc-heading.ultimate-heading-892469e6577b036fd h3'  data-responsive-json-new='{\"font-size\":\"desktop:20px;\",\"line-height\":\"desktop:24px;\"}' ><h3 style=\"font-weight:bold;color:#003b63;margin-top:10px;margin-bottom:10px;\">GARANTIE \u00c0 VIE<\/h3><\/div><div class=\"uvc-heading-spacer line_only\" style=\"margin-bottom:20px;height:1px;\"><span class=\"uvc-headings-line\" style=\"border-style:solid;border-bottom-width:1px;border-color:#1e73be;width:80px;\"><\/span><\/div><\/div>\n\t<div  class=\"wpb_single_image wpb_content_element vc_align_center\">\n\t\t\n\t\t<figure class=\"wpb_wrapper vc_figure\">\n\t\t\t<div class=\"vc_single_image-wrapper   vc_box_border_grey\"><img decoding=\"async\" class=\"vc_single_image-img\" src=\"https:\/\/dockmaster.ca\/wp-content\/uploads\/2024\/01\/Dockmaster-with-warranty-4-FRE.png\" width=\"350\" height=\"250\" alt=\"Dockmaster-with-warranty-11\" title=\"Dockmaster-with-warranty-11\" loading=\"lazy\"  data-dt-location=\"https:\/\/dockmaster.ca\/fre\/?attachment_id=3745\" \/><\/div>\n\t\t<\/figure>\n\t<\/div>\n<div class=\"vc_custom_1707400202296 ubtn-ctn-center\"><a class=\"ubtn-link ult-adjust-bottom-margin ubtn-center ubtn-custom\" href=\"https:\/\/dockmaster.ca\/fre\/warranty-registration\/\" title=\"GARANTIE\" ><button type=\"button\" id=\"ubtn-4612\"  class=\"ubtn ult-adjust-bottom-margin ult-responsive ubtn-custom ubtn-no-hover-bg  none  ubtn-center   tooltip-69e6577b040ee\"  data-hover=\"\" data-border-color=\"\" data-bg=\"#23bf00\" data-hover-bg=\"\" data-border-hover=\"\" data-shadow-hover=\"\" data-shadow-click=\"none\" data-shadow=\"\" data-shd-shadow=\"\"  data-ultimate-target='#ubtn-4612'  data-responsive-json-new='{\"font-size\":\"desktop:16px;\",\"line-height\":\"desktop:20px;\"}'  style=\"font-weight:bold;width:300px;min-height:40px;padding:15px 10px;border:none;background: #23bf00;color: #ffffff;\"><span class=\"ubtn-hover\" style=\"background-color:\"><\/span><span class=\"ubtn-data ubtn-text\" >EN SAVOIR PLUS<\/span><\/button><\/a><\/div><div id=\"ultimate-heading-756669e6577b04161\" class=\"uvc-heading ult-adjust-bottom-margin ultimate-heading-756669e6577b04161 uvc-3909\" data-hspacer=\"line_only\"  data-halign=\"center\" style=\"text-align:center\"><div class=\"uvc-main-heading ult-responsive\"  data-ultimate-target='.uvc-heading.ultimate-heading-756669e6577b04161 h3'  data-responsive-json-new='{\"font-size\":\"desktop:20px;\",\"line-height\":\"desktop:24px;\"}' ><h3 style=\"font-weight:bold;color:#003b63;margin-top:10px;margin-bottom:10px;\">NEED FINANCING?<\/h3><\/div><div class=\"uvc-heading-spacer line_only\" style=\"margin-bottom:20px;height:1px;\"><span class=\"uvc-headings-line\" style=\"border-style:solid;border-bottom-width:1px;border-color:#1e73be;width:80px;\"><\/span><\/div><\/div>\n\t<div  class=\"wpb_single_image wpb_content_element vc_align_center\">\n\t\t\n\t\t<figure class=\"wpb_wrapper vc_figure\">\n\t\t\t<a href=\"https:\/\/www.financeit.ca\/s\/iZP64Q\" target=\"_blank\"  class=\"vc_single_image-wrapper   vc_box_border_grey rollover\"   ><img decoding=\"async\" class=\"vc_single_image-img\" src=\"https:\/\/dockmaster.ca\/wp-content\/uploads\/2025\/10\/999-percent-en-sq-250x250.png\" width=\"250\" height=\"250\" alt=\"999-percent-en-sq\" title=\"999-percent-en-sq\" loading=\"lazy\"  data-dt-location=\"https:\/\/dockmaster.ca\/fre\/dockmaster-instantdeck-benchmaster\/999-percent-en-sq\/\" \/><\/a>\n\t\t<\/figure>\n\t<\/div>\n<div class=\"vc_custom_1759782542910 ubtn-ctn-center\"><a class=\"ubtn-link ult-adjust-bottom-margin ubtn-center ubtn-custom\" href=\"https:\/\/www.financeit.ca\/s\/iZP64Q\" title=\"FINANCEIT APP\" target=\"_blank\" rel=\"noopener\" ><button type=\"button\" id=\"ubtn-1882\"  class=\"ubtn ult-adjust-bottom-margin ult-responsive ubtn-custom ubtn-no-hover-bg  none  ubtn-center   tooltip-69e6577b04519\"  data-hover=\"\" data-border-color=\"\" data-bg=\"#23bf00\" data-hover-bg=\"\" data-border-hover=\"\" data-shadow-hover=\"\" data-shadow-click=\"none\" data-shadow=\"\" data-shd-shadow=\"\"  data-ultimate-target='#ubtn-1882'  data-responsive-json-new='{\"font-size\":\"desktop:16px;\",\"line-height\":\"desktop:20px;\"}'  style=\"font-weight:bold;width:300px;min-height:40px;padding:20px 10px;border:none;background: #23bf00;color: #ffffff;\"><span class=\"ubtn-hover\" style=\"background-color:\"><\/span><span class=\"ubtn-data ubtn-text\" >APPLY HERE!<\/span><\/button><\/a><\/div><div id=\"ultimate-heading-613169e6577b04578\" class=\"uvc-heading ult-adjust-bottom-margin ultimate-heading-613169e6577b04578 uvc-8308\" data-hspacer=\"line_only\"  data-halign=\"center\" style=\"text-align:center\"><div class=\"uvc-main-heading ult-responsive\"  data-ultimate-target='.uvc-heading.ultimate-heading-613169e6577b04578 h3'  data-responsive-json-new='{\"font-size\":\"desktop:20px;\",\"line-height\":\"desktop:24px;\"}' ><h3 style=\"font-weight:bold;color:#003b63;margin-top:10px;margin-bottom:10px;\">NOS NOUVEAUX ARTICLES<\/h3><\/div><div class=\"uvc-heading-spacer line_only\" style=\"margin-bottom:20px;height:1px;\"><span class=\"uvc-headings-line\" style=\"border-style:solid;border-bottom-width:1px;border-color:#1e73be;width:80px;\"><\/span><\/div><\/div>\n\t<div  class=\"wpb_single_image wpb_content_element vc_align_center\">\n\t\t\n\t\t<figure class=\"wpb_wrapper vc_figure\">\n\t\t\t<a href=\"#\" target=\"_self\"  class=\"vc_single_image-wrapper   vc_box_border_grey rollover\"   ><img decoding=\"async\" class=\"vc_single_image-img\" src=\"https:\/\/dockmaster.ca\/wp-content\/uploads\/2024\/03\/decking-2-on-deck-300x225.jpg\" width=\"300\" height=\"225\" alt=\"decking 2 - on deck\" title=\"decking 2 - on deck\" loading=\"lazy\"  data-dt-location=\"https:\/\/dockmaster.ca\/fre\/series-i-inside-leg-docks\/decking-2-on-deck\/\" \/><\/a>\n\t\t<\/figure>\n\t<\/div>\n<div class=\"vc_custom_1707400262749 ubtn-ctn-center\"><a class=\"ubtn-link ult-adjust-bottom-margin ubtn-center ubtn-custom\" href=\"https:\/\/dockmaster.ca\/fre\/new-specialty-items\/\" title=\"PRODUITS SP\u00c9CIALIS\u00c9S ET ACCESSOIRES\" ><button type=\"button\" id=\"ubtn-6920\"  class=\"ubtn ult-adjust-bottom-margin ult-responsive ubtn-custom ubtn-no-hover-bg  none  ubtn-center   tooltip-69e6577b049d1\"  data-hover=\"\" data-border-color=\"\" data-bg=\"#23bf00\" data-hover-bg=\"\" data-border-hover=\"\" data-shadow-hover=\"\" data-shadow-click=\"none\" data-shadow=\"\" data-shd-shadow=\"\"  data-ultimate-target='#ubtn-6920'  data-responsive-json-new='{\"font-size\":\"desktop:16px;\",\"line-height\":\"desktop:20px;\"}'  style=\"font-weight:bold;width:300px;min-height:40px;padding:20px 10px;border:none;background: #23bf00;color: #ffffff;\"><span class=\"ubtn-hover\" style=\"background-color:\"><\/span><span class=\"ubtn-data ubtn-text\" >PLUS D'INFORMATION<\/span><\/button><\/a><\/div><\/div><\/div><\/div><\/div><div class=\"vc_row wpb_row vc_row-fluid dt-default\" style=\"margin-top: 0px;margin-bottom: 0px\"><div class=\"wpb_column vc_column_container vc_col-sm-12\"><div class=\"vc_column-inner\"><div class=\"wpb_wrapper\"><\/div><\/div><\/div><\/div><!-- Row Backgrounds --><div class=\"upb_color\" data-bg-override=\"ex-full\" data-bg-color=\"#1f365c\" data-fadeout=\"\" data-fadeout-percentage=\"30\" data-parallax-content=\"\" data-parallax-content-sense=\"30\" data-row-effect-mobile-disable=\"true\" data-img-parallax-mobile-disable=\"true\" data-rtl=\"false\"  data-custom-vc-row=\"\"  data-vc=\"8.7.2\"  data-is_old_vc=\"\"  data-theme-support=\"\"   data-overlay=\"false\" data-overlay-color=\"\" data-overlay-pattern=\"\" data-overlay-pattern-opacity=\"\" data-overlay-pattern-size=\"\"    ><\/div>\n<\/div>","protected":false},"excerpt":{"rendered":"<p>Dockmaster removable docks are recommended for temporary boat moorings Series I Floating Docks Series I Floating Docks Aluminum, all welded 2\u2033x4\u2033 frames with gusseted corners. Western Red Cedar or Cool touch Aluminum, no skid decking. READ MORE Series II Floating Docks Series II Floating Docks Dockmaster Heavy Duty Series II Docks are perfect for resort&hellip;<\/p>","protected":false},"author":1,"featured_media":0,"parent":0,"menu_order":0,"comment_status":"closed","ping_status":"closed","template":"","meta":{"footnotes":""},"class_list":["post-3216","page","type-page","status-publish","hentry","description-off"],"yoast_head":"<!-- This site is optimized with the Yoast SEO plugin v27.4 - https:\/\/yoast.com\/product\/yoast-seo-wordpress\/ -->\n<title>Floating Docks - Dockmaster - InstantDeck - Benchmaster - Dockmaster - Instant Decks - Aluminum Docks, Floating Docks, Standing Docks, Instant Decks, Benches and Accessorie<\/title>\n<meta name=\"robots\" content=\"index, follow, max-snippet:-1, max-image-preview:large, max-video-preview:-1\" \/>\n<link rel=\"canonical\" href=\"https:\/\/dockmaster.ca\/fre\/floating-docks2\/\" \/>\n<meta property=\"og:locale\" content=\"fr_CA\" \/>\n<meta property=\"og:type\" content=\"article\" \/>\n<meta property=\"og:title\" content=\"Floating Docks - Dockmaster - InstantDeck - Benchmaster - Dockmaster - Instant Decks - Aluminum Docks, Floating Docks, Standing Docks, Instant Decks, Benches and Accessorie\" \/>\n<meta property=\"og:url\" content=\"https:\/\/dockmaster.ca\/fre\/floating-docks2\/\" \/>\n<meta property=\"og:site_name\" content=\"Dockmaster - InstantDeck - Benchmaster - Dockmaster - Instant Decks - Aluminum Docks, Floating Docks, Standing Docks, Instant Decks, Benches and Accessorie\" \/>\n<meta property=\"article:publisher\" content=\"https:\/\/www.facebook.com\/dockmasterdocks\/\" \/>\n<meta property=\"article:modified_time\" content=\"2025-10-06T20:29:16+00:00\" \/>\n<meta name=\"twitter:card\" content=\"summary_large_image\" \/>\n<meta name=\"twitter:label1\" content=\"Estimation du temps de lecture\" \/>\n\t<meta name=\"twitter:data1\" content=\"3 minutes\" \/>\n<script type=\"application\/ld+json\" class=\"yoast-schema-graph\">{\"@context\":\"https:\\\/\\\/schema.org\",\"@graph\":[{\"@type\":\"WebPage\",\"@id\":\"https:\\\/\\\/dockmaster.ca\\\/floating-docks2\\\/\",\"url\":\"https:\\\/\\\/dockmaster.ca\\\/floating-docks2\\\/\",\"name\":\"Floating Docks - Dockmaster - InstantDeck - Benchmaster - Dockmaster - Instant Decks - Aluminum Docks, Floating Docks, Standing Docks, Instant Decks, Benches and Accessorie\",\"isPartOf\":{\"@id\":\"https:\\\/\\\/dockmaster.ca\\\/#website\"},\"datePublished\":\"2023-02-03T12:25:39+00:00\",\"dateModified\":\"2025-10-06T20:29:16+00:00\",\"breadcrumb\":{\"@id\":\"https:\\\/\\\/dockmaster.ca\\\/floating-docks2\\\/#breadcrumb\"},\"inLanguage\":\"fr-CA\",\"potentialAction\":[{\"@type\":\"ReadAction\",\"target\":[\"https:\\\/\\\/dockmaster.ca\\\/floating-docks2\\\/\"]}]},{\"@type\":\"BreadcrumbList\",\"@id\":\"https:\\\/\\\/dockmaster.ca\\\/floating-docks2\\\/#breadcrumb\",\"itemListElement\":[{\"@type\":\"ListItem\",\"position\":1,\"name\":\"Home\",\"item\":\"https:\\\/\\\/dockmaster.ca\\\/\"},{\"@type\":\"ListItem\",\"position\":2,\"name\":\"Floating Docks\"}]},{\"@type\":\"WebSite\",\"@id\":\"https:\\\/\\\/dockmaster.ca\\\/#website\",\"url\":\"https:\\\/\\\/dockmaster.ca\\\/\",\"name\":\"Dockmaster - InstantDeck - Benchmaster - Dockmaster - Instant Decks - Aluminum Docks, Floating Docks, Standing Docks, Instant Decks, Benches and Accessorie\",\"description\":\"Dockmaster - InstantDeck - Benchmaster\",\"publisher\":{\"@id\":\"https:\\\/\\\/dockmaster.ca\\\/#organization\"},\"alternateName\":\"Dockmaster\",\"potentialAction\":[{\"@type\":\"SearchAction\",\"target\":{\"@type\":\"EntryPoint\",\"urlTemplate\":\"https:\\\/\\\/dockmaster.ca\\\/?s={search_term_string}\"},\"query-input\":{\"@type\":\"PropertyValueSpecification\",\"valueRequired\":true,\"valueName\":\"search_term_string\"}}],\"inLanguage\":\"fr-CA\"},{\"@type\":\"Organization\",\"@id\":\"https:\\\/\\\/dockmaster.ca\\\/#organization\",\"name\":\"Dockmaster - InstantDeck - Benchmaster - Dockmaster - Instant Decks - Aluminum Docks, Floating Docks, Standing Docks, Instant Decks, Benches and Accessorie\",\"url\":\"https:\\\/\\\/dockmaster.ca\\\/\",\"logo\":{\"@type\":\"ImageObject\",\"inLanguage\":\"fr-CA\",\"@id\":\"https:\\\/\\\/dockmaster.ca\\\/#\\\/schema\\\/logo\\\/image\\\/\",\"url\":\"https:\\\/\\\/dockmaster.ca\\\/wp-content\\\/uploads\\\/2022\\\/12\\\/Dock-InstantM-logo-01-Small-Bottom.png\",\"contentUrl\":\"https:\\\/\\\/dockmaster.ca\\\/wp-content\\\/uploads\\\/2022\\\/12\\\/Dock-InstantM-logo-01-Small-Bottom.png\",\"width\":317,\"height\":50,\"caption\":\"Dockmaster - InstantDeck - Benchmaster - Dockmaster - Instant Decks - Aluminum Docks, Floating Docks, Standing Docks, Instant Decks, Benches and Accessorie\"},\"image\":{\"@id\":\"https:\\\/\\\/dockmaster.ca\\\/#\\\/schema\\\/logo\\\/image\\\/\"},\"sameAs\":[\"https:\\\/\\\/www.facebook.com\\\/dockmasterdocks\\\/\",\"https:\\\/\\\/www.instagram.com\\\/dockmaster.ca\\\/\",\"https:\\\/\\\/www.youtube.com\\\/channel\\\/UCGbJrzAUlamrnAmSjbImRqg\"]}]}<\/script>\n<!-- \/ Yoast SEO plugin. -->","yoast_head_json":{"title":"Floating Docks - Dockmaster - InstantDeck - Benchmaster - Dockmaster - Instant Decks - Aluminum Docks, Floating Docks, Standing Docks, Instant Decks, Benches and Accessorie","robots":{"index":"index","follow":"follow","max-snippet":"max-snippet:-1","max-image-preview":"max-image-preview:large","max-video-preview":"max-video-preview:-1"},"canonical":"https:\/\/dockmaster.ca\/fre\/floating-docks2\/","og_locale":"fr_CA","og_type":"article","og_title":"Floating Docks - Dockmaster - InstantDeck - Benchmaster - Dockmaster - Instant Decks - Aluminum Docks, Floating Docks, Standing Docks, Instant Decks, Benches and Accessorie","og_url":"https:\/\/dockmaster.ca\/fre\/floating-docks2\/","og_site_name":"Dockmaster - InstantDeck - Benchmaster - Dockmaster - Instant Decks - Aluminum Docks, Floating Docks, Standing Docks, Instant Decks, Benches and Accessorie","article_publisher":"https:\/\/www.facebook.com\/dockmasterdocks\/","article_modified_time":"2025-10-06T20:29:16+00:00","twitter_card":"summary_large_image","twitter_misc":{"Estimation du temps de lecture":"3 minutes"},"schema":{"@context":"https:\/\/schema.org","@graph":[{"@type":"WebPage","@id":"https:\/\/dockmaster.ca\/floating-docks2\/","url":"https:\/\/dockmaster.ca\/floating-docks2\/","name":"Floating Docks - Dockmaster - InstantDeck - Benchmaster - Dockmaster - Instant Decks - Aluminum Docks, Floating Docks, Standing Docks, Instant Decks, Benches and Accessorie","isPartOf":{"@id":"https:\/\/dockmaster.ca\/#website"},"datePublished":"2023-02-03T12:25:39+00:00","dateModified":"2025-10-06T20:29:16+00:00","breadcrumb":{"@id":"https:\/\/dockmaster.ca\/floating-docks2\/#breadcrumb"},"inLanguage":"fr-CA","potentialAction":[{"@type":"ReadAction","target":["https:\/\/dockmaster.ca\/floating-docks2\/"]}]},{"@type":"BreadcrumbList","@id":"https:\/\/dockmaster.ca\/floating-docks2\/#breadcrumb","itemListElement":[{"@type":"ListItem","position":1,"name":"Home","item":"https:\/\/dockmaster.ca\/"},{"@type":"ListItem","position":2,"name":"Floating Docks"}]},{"@type":"WebSite","@id":"https:\/\/dockmaster.ca\/#website","url":"https:\/\/dockmaster.ca\/","name":"Dockmaster - InstantDeck - Benchmaster - Dockmaster - Instant Decks - Aluminum Docks, Floating Docks, Standing Docks, Instant Decks, Benches and Accessorie","description":"Dockmaster - InstantDeck - Benchmaster","publisher":{"@id":"https:\/\/dockmaster.ca\/#organization"},"alternateName":"Dockmaster","potentialAction":[{"@type":"SearchAction","target":{"@type":"EntryPoint","urlTemplate":"https:\/\/dockmaster.ca\/?s={search_term_string}"},"query-input":{"@type":"PropertyValueSpecification","valueRequired":true,"valueName":"search_term_string"}}],"inLanguage":"fr-CA"},{"@type":"Organization","@id":"https:\/\/dockmaster.ca\/#organization","name":"Dockmaster - InstantDeck - Benchmaster - Dockmaster - Instant Decks - Aluminum Docks, Floating Docks, Standing Docks, Instant Decks, Benches and Accessorie","url":"https:\/\/dockmaster.ca\/","logo":{"@type":"ImageObject","inLanguage":"fr-CA","@id":"https:\/\/dockmaster.ca\/#\/schema\/logo\/image\/","url":"https:\/\/dockmaster.ca\/wp-content\/uploads\/2022\/12\/Dock-InstantM-logo-01-Small-Bottom.png","contentUrl":"https:\/\/dockmaster.ca\/wp-content\/uploads\/2022\/12\/Dock-InstantM-logo-01-Small-Bottom.png","width":317,"height":50,"caption":"Dockmaster - InstantDeck - Benchmaster - Dockmaster - Instant Decks - Aluminum Docks, Floating Docks, Standing Docks, Instant Decks, Benches and Accessorie"},"image":{"@id":"https:\/\/dockmaster.ca\/#\/schema\/logo\/image\/"},"sameAs":["https:\/\/www.facebook.com\/dockmasterdocks\/","https:\/\/www.instagram.com\/dockmaster.ca\/","https:\/\/www.youtube.com\/channel\/UCGbJrzAUlamrnAmSjbImRqg"]}]}},"_links":{"self":[{"href":"https:\/\/dockmaster.ca\/fre\/wp-json\/wp\/v2\/pages\/3216","targetHints":{"allow":["GET"]}}],"collection":[{"href":"https:\/\/dockmaster.ca\/fre\/wp-json\/wp\/v2\/pages"}],"about":[{"href":"https:\/\/dockmaster.ca\/fre\/wp-json\/wp\/v2\/types\/page"}],"author":[{"embeddable":true,"href":"https:\/\/dockmaster.ca\/fre\/wp-json\/wp\/v2\/users\/1"}],"replies":[{"embeddable":true,"href":"https:\/\/dockmaster.ca\/fre\/wp-json\/wp\/v2\/comments?post=3216"}],"version-history":[{"count":24,"href":"https:\/\/dockmaster.ca\/fre\/wp-json\/wp\/v2\/pages\/3216\/revisions"}],"predecessor-version":[{"id":5511,"href":"https:\/\/dockmaster.ca\/fre\/wp-json\/wp\/v2\/pages\/3216\/revisions\/5511"}],"wp:attachment":[{"href":"https:\/\/dockmaster.ca\/fre\/wp-json\/wp\/v2\/media?parent=3216"}],"curies":[{"name":"wp","href":"https:\/\/api.w.org\/{rel}","templated":true}]}}