{"id":3803,"date":"2023-04-05T18:00:49","date_gmt":"2023-04-05T18:00:49","guid":{"rendered":"https:\/\/print4business.ca\/dockmaster2022\/?page_id=3803"},"modified":"2025-10-06T20:21:55","modified_gmt":"2025-10-06T20:21:55","slug":"leg-docks","status":"publish","type":"page","link":"https:\/\/dockmaster.ca\/fre\/leg-docks\/","title":{"rendered":"QUAIS \u00c0 POTEAU"},"content":{"rendered":"<div class=\"wpb-content-wrapper\"><div class=\"vc_row wpb_row vc_row-fluid dt-default\" style=\"margin-top: 0px;margin-bottom: 0px\"><div class=\"wpb_column vc_column_container vc_col-sm-9\"><div class=\"vc_column-inner\"><div class=\"wpb_wrapper\"><div class=\"vc_row wpb_row vc_inner vc_row-fluid\"><div class=\"wpb_column vc_column_container vc_col-sm-6\"><div class=\"vc_column-inner\"><div class=\"wpb_wrapper\"><div class=\"vc-hoverbox-wrapper  vc_custom_1707399515352 vc-hoverbox-shape--rounded vc-hoverbox-align--center vc-hoverbox-direction--default vc-hoverbox-width--100\"  ontouchstart=\"\">\n  <div class=\"vc-hoverbox\">\n    <div class=\"vc-hoverbox-inner\">\n      <div class=\"vc-hoverbox-block vc-hoverbox-front\" style=\"background-image: url(https:\/\/dockmaster.ca\/wp-content\/uploads\/2023\/04\/6-X-26-Inside-Leg-Dock-with-10-X-10.jpg);\">\n        <div class=\"vc-hoverbox-block-inner vc-hoverbox-front-inner\">\n            <h2 style=\"font-size: 35px;color: #ffffff;text-align: center\" class=\"vc_custom_heading vc_do_custom_heading\">QUAI AVEC POTEAU INT\u00c9RIEUR<\/h2>\n        <\/div>\n      <\/div>\n      <div class=\"vc-hoverbox-block vc-hoverbox-back\" style=\"background-color: #ebebeb;\">\n        <div class=\"vc-hoverbox-block-inner vc-hoverbox-back-inner\">\n            <h2 style=\"text-align:center\">QUAI AVEC POTEAU INT\u00c9RIEUR<\/h2>\n            <ul>\n<li>C\u00f4t\u00e9s propres et affleurants pour l'acc\u00e8s aux bateaux, cadre en aluminium enti\u00e8rement soud\u00e9<\/li>\n<li>Pas de r\u00e9glage externe des poteaux<\/li>\n<\/ul>\n\n            <div class=\"vc_btn3-container  wpb_animate_when_almost_visible wpb_bounceIn bounceIn vc_btn3-center\" ><a class=\"vc_general vc_btn3 vc_btn3-size-lg vc_btn3-shape-rounded vc_btn3-style-3d vc_btn3-block vc_btn3-color-primary\" href=\"https:\/\/dockmaster.ca\/fre\/series-i-inside-leg-docks\/\" title=\"Quai avec poteau int\u00e9rieur de S\u00e9ries I\">LIRE LA SUITE...<\/a><\/div>\n        <\/div>\n      <\/div>\n    <\/div>\n  <\/div>\n<\/div><\/div><\/div><\/div><div class=\"wpb_column vc_column_container vc_col-sm-6\"><div class=\"vc_column-inner\"><div class=\"wpb_wrapper\"><div class=\"vc-hoverbox-wrapper  vc_custom_1707399531295 vc-hoverbox-shape--rounded vc-hoverbox-align--center vc-hoverbox-direction--default vc-hoverbox-width--100\"  ontouchstart=\"\">\n  <div class=\"vc-hoverbox\">\n    <div class=\"vc-hoverbox-inner\">\n      <div class=\"vc-hoverbox-block vc-hoverbox-front\" style=\"background-image: url(https:\/\/dockmaster.ca\/wp-content\/uploads\/2023\/02\/6x10-access-ramp-to-a-6x90-dock-and-Boat-lift-2-1.jpg);\">\n        <div class=\"vc-hoverbox-block-inner vc-hoverbox-front-inner\">\n            <h2 style=\"font-size: 35px;color: #ffffff;text-align: center\" class=\"vc_custom_heading vc_do_custom_heading\">QUAI AVEC POTEAU \u00c9XTERIEUR<\/h2>\n        <\/div>\n      <\/div>\n      <div class=\"vc-hoverbox-block vc-hoverbox-back\" style=\"background-color: #ebebeb;\">\n        <div class=\"vc-hoverbox-block-inner vc-hoverbox-back-inner\">\n            <h2 style=\"text-align:center\">QUAI AVEC POTEAU \u00c9XTERIEUR<\/h2>\n            <ul>\n<li>Disponible sur demande.<\/li>\n<li>Comprend une rampe de 5 pieds (ou une rampe de 10 pieds dans l'ensemble de 30 pieds).<\/li>\n<li>Un cadre en aluminium de 10 pieds avec 4 supports de poteau ajustable.<\/li>\n<li>Un cadre en aluminium de 10 pieds avec 2 supports de jambes ajustables.<\/li>\n<\/ul>\n\n            <div class=\"vc_btn3-container  wpb_animate_when_almost_visible wpb_bounceIn bounceIn vc_btn3-center\" ><a class=\"vc_general vc_btn3 vc_btn3-size-lg vc_btn3-shape-rounded vc_btn3-style-3d vc_btn3-block vc_btn3-color-primary\" href=\"https:\/\/dockmaster.ca\/fre\/series-i-outside-leg-docks\/\" title=\"QUAI AVEC POTEAU \u00c9XTERIEUR\">LIRE LA SUITE...<\/a><\/div>\n        <\/div>\n      <\/div>\n    <\/div>\n  <\/div>\n<\/div><\/div><\/div><\/div><\/div><div class=\"vc_row wpb_row vc_inner vc_row-fluid\"><div class=\"wpb_column vc_column_container vc_col-sm-6\"><div class=\"vc_column-inner\"><div class=\"wpb_wrapper\"><div class=\"vc-hoverbox-wrapper  vc_custom_1707399549021 vc-hoverbox-shape--rounded vc-hoverbox-align--center vc-hoverbox-direction--default vc-hoverbox-width--100\"  ontouchstart=\"\">\n  <div class=\"vc-hoverbox\">\n    <div class=\"vc-hoverbox-inner\">\n      <div class=\"vc-hoverbox-block vc-hoverbox-front\" style=\"background-image: url(https:\/\/dockmaster.ca\/wp-content\/uploads\/2023\/02\/4x30-with-a-4x20-L-2.jpg);\">\n        <div class=\"vc-hoverbox-block-inner vc-hoverbox-front-inner\">\n            <h2 style=\"font-size: 35px;color: #ffffff;text-align: center\" class=\"vc_custom_heading vc_do_custom_heading\">Ensemble de quai \u00e0 faire soi-m\u00eame<\/h2>\n        <\/div>\n      <\/div>\n      <div class=\"vc-hoverbox-block vc-hoverbox-back\" style=\"background-color: #ebebeb;\">\n        <div class=\"vc-hoverbox-block-inner vc-hoverbox-back-inner\">\n            <h2 style=\"text-align:center\">Ensemble de quai \u00e0 faire soi-m\u00eame<\/h2>\n            <ul>\n<li>La conception unique \"sans treillis\" de Dockmaster permet au quai d'\u00eatre nivel\u00e9 jusqu'\u00e0 la ligne de flottaison, ce qui permet aux mauvaises herbes et aux d\u00e9bris de s'\u00e9couler.<\/li>\n<\/ul>\n\n            <div class=\"vc_btn3-container  wpb_animate_when_almost_visible wpb_bounceIn bounceIn vc_btn3-center\" ><a class=\"vc_general vc_btn3 vc_btn3-size-lg vc_btn3-shape-rounded vc_btn3-style-3d vc_btn3-block vc_btn3-color-primary\" href=\"https:\/\/dockmaster.ca\/fre\/diy-dock-kits\/\" title=\"Ensemble de quai \u00e0 faire soi-m\u00eame\">LIRE LA SUITE...<\/a><\/div>\n        <\/div>\n      <\/div>\n    <\/div>\n  <\/div>\n<\/div><\/div><\/div><\/div><div class=\"wpb_column vc_column_container vc_col-sm-6\"><div class=\"vc_column-inner\"><div class=\"wpb_wrapper\"><div class=\"vc-hoverbox-wrapper  vc_custom_1707399566924 vc-hoverbox-shape--rounded vc-hoverbox-align--center vc-hoverbox-direction--default vc-hoverbox-width--100\"  ontouchstart=\"\">\n  <div class=\"vc-hoverbox\">\n    <div class=\"vc-hoverbox-inner\">\n      <div class=\"vc-hoverbox-block vc-hoverbox-front\" style=\"background-image: url(https:\/\/dockmaster.ca\/wp-content\/uploads\/2023\/01\/5X26-Animation.jpg);\">\n        <div class=\"vc-hoverbox-block-inner vc-hoverbox-front-inner\">\n            <h2 style=\"font-size: 35px;color: #ffffff;text-align: center\" class=\"vc_custom_heading vc_do_custom_heading\">SP\u00c9CIFICATIONS<\/h2>\n        <\/div>\n      <\/div>\n      <div class=\"vc-hoverbox-block vc-hoverbox-back\" style=\"background-color: #ebebeb;\">\n        <div class=\"vc-hoverbox-block-inner vc-hoverbox-back-inner\">\n            <h2 style=\"text-align:center\">SP\u00c9CIFICATIONS<\/h2>\n            <ul>\n<li>Le cadre de Dockmaster est construit en aluminium 6061-T6 de qualit\u00e9 a\u00e9ronautique. Tous les cadres soud\u00e9s ajoutent une r\u00e9sistance sup\u00e9rieure.<\/li>\n<\/ul>\n\n            <div class=\"vc_btn3-container  wpb_animate_when_almost_visible wpb_bounceIn bounceIn vc_btn3-center\" ><a class=\"vc_general vc_btn3 vc_btn3-size-lg vc_btn3-shape-rounded vc_btn3-style-3d vc_btn3-block vc_btn3-color-primary\" href=\"https:\/\/dockmaster.ca\/fre\/specifications\/\" title=\"SP\u00c9CIFICATIONS\">LIRE LA SUITE...<\/a><\/div>\n        <\/div>\n      <\/div>\n    <\/div>\n  <\/div>\n<\/div><\/div><\/div><\/div><\/div><\/div><\/div><\/div><div class=\"wpb_column vc_column_container vc_col-sm-3 vc_col-has-fill\"><div class=\"vc_column-inner vc_custom_1674688376705\"><div class=\"wpb_wrapper\"><div id=\"ultimate-heading-372769e754c2ab027\" class=\"uvc-heading ult-adjust-bottom-margin ultimate-heading-372769e754c2ab027 uvc-3824\" data-hspacer=\"line_only\"  data-halign=\"center\" style=\"text-align:center\"><div class=\"uvc-main-heading ult-responsive\"  data-ultimate-target='.uvc-heading.ultimate-heading-372769e754c2ab027 h3'  data-responsive-json-new='{\"font-size\":\"desktop:20px;\",\"line-height\":\"desktop:24px;\"}' ><h3 style=\"font-weight:bold;color:#003b63;margin-top:10px;margin-bottom:10px;\">GARANTIE \u00c0 VIE<\/h3><\/div><div class=\"uvc-heading-spacer line_only\" style=\"margin-bottom:20px;height:1px;\"><span class=\"uvc-headings-line\" style=\"border-style:solid;border-bottom-width:1px;border-color:#1e73be;width:80px;\"><\/span><\/div><\/div>\n\t<div  class=\"wpb_single_image wpb_content_element vc_align_center\">\n\t\t\n\t\t<figure class=\"wpb_wrapper vc_figure\">\n\t\t\t<div class=\"vc_single_image-wrapper   vc_box_border_grey\"><img decoding=\"async\" class=\"vc_single_image-img\" src=\"https:\/\/dockmaster.ca\/wp-content\/uploads\/2024\/01\/Dockmaster-with-warranty-4-FRE.png\" width=\"350\" height=\"250\" alt=\"Dockmaster-with-warranty-11\" title=\"Dockmaster-with-warranty-11\" loading=\"lazy\"  data-dt-location=\"https:\/\/dockmaster.ca\/fre\/?attachment_id=3745\" \/><\/div>\n\t\t<\/figure>\n\t<\/div>\n<div class=\"vc_custom_1707399582780 ubtn-ctn-center\"><a class=\"ubtn-link ult-adjust-bottom-margin ubtn-center ubtn-custom\" href=\"https:\/\/dockmaster.ca\/fre\/warranty-registration\/\" title=\"GARANTIE\" ><button type=\"button\" id=\"ubtn-9482\"  class=\"ubtn ult-adjust-bottom-margin ult-responsive ubtn-custom ubtn-no-hover-bg  none  ubtn-center   tooltip-69e754c2ab882\"  data-hover=\"\" data-border-color=\"\" data-bg=\"#23bf00\" data-hover-bg=\"\" data-border-hover=\"\" data-shadow-hover=\"\" data-shadow-click=\"none\" data-shadow=\"\" data-shd-shadow=\"\"  data-ultimate-target='#ubtn-9482'  data-responsive-json-new='{\"font-size\":\"desktop:16px;\",\"line-height\":\"desktop:20px;\"}'  style=\"font-weight:bold;width:300px;min-height:40px;padding:15px 10px;border:none;background: #23bf00;color: #ffffff;\"><span class=\"ubtn-hover\" style=\"background-color:\"><\/span><span class=\"ubtn-data ubtn-text\" >EN SAVOIR PLUS<\/span><\/button><\/a><\/div><div id=\"ultimate-heading-117069e754c2ab8f4\" class=\"uvc-heading ult-adjust-bottom-margin ultimate-heading-117069e754c2ab8f4 uvc-5936\" data-hspacer=\"line_only\"  data-halign=\"center\" style=\"text-align:center\"><div class=\"uvc-main-heading ult-responsive\"  data-ultimate-target='.uvc-heading.ultimate-heading-117069e754c2ab8f4 h3'  data-responsive-json-new='{\"font-size\":\"desktop:20px;\",\"line-height\":\"desktop:24px;\"}' ><h3 style=\"font-weight:bold;color:#003b63;margin-top:10px;margin-bottom:10px;\">NEED FINANCING?<\/h3><\/div><div class=\"uvc-heading-spacer line_only\" style=\"margin-bottom:20px;height:1px;\"><span class=\"uvc-headings-line\" style=\"border-style:solid;border-bottom-width:1px;border-color:#1e73be;width:80px;\"><\/span><\/div><\/div>\n\t<div  class=\"wpb_single_image wpb_content_element vc_align_center\">\n\t\t\n\t\t<figure class=\"wpb_wrapper vc_figure\">\n\t\t\t<a href=\"https:\/\/www.financeit.ca\/s\/iZP64Q\" target=\"_blank\"  class=\"vc_single_image-wrapper   vc_box_border_grey rollover\"   ><img decoding=\"async\" class=\"vc_single_image-img\" src=\"https:\/\/dockmaster.ca\/wp-content\/uploads\/2025\/10\/999-percent-en-sq-250x250.png\" width=\"250\" height=\"250\" alt=\"999-percent-en-sq\" title=\"999-percent-en-sq\" loading=\"lazy\"  data-dt-location=\"https:\/\/dockmaster.ca\/fre\/dockmaster-instantdeck-benchmaster\/999-percent-en-sq\/\" \/><\/a>\n\t\t<\/figure>\n\t<\/div>\n<div class=\"vc_custom_1759782101759 ubtn-ctn-center\"><a class=\"ubtn-link ult-adjust-bottom-margin ubtn-center ubtn-custom\" href=\"https:\/\/www.financeit.ca\/s\/iZP64Q\" title=\"FINANCEIT APP\" target=\"_blank\" rel=\"noopener\" ><button type=\"button\" id=\"ubtn-4541\"  class=\"ubtn ult-adjust-bottom-margin ult-responsive ubtn-custom ubtn-no-hover-bg  none  ubtn-center   tooltip-69e754c2abd18\"  data-hover=\"\" data-border-color=\"\" data-bg=\"#23bf00\" data-hover-bg=\"\" data-border-hover=\"\" data-shadow-hover=\"\" data-shadow-click=\"none\" data-shadow=\"\" data-shd-shadow=\"\"  data-ultimate-target='#ubtn-4541'  data-responsive-json-new='{\"font-size\":\"desktop:16px;\",\"line-height\":\"desktop:20px;\"}'  style=\"font-weight:bold;width:300px;min-height:40px;padding:20px 10px;border:none;background: #23bf00;color: #ffffff;\"><span class=\"ubtn-hover\" style=\"background-color:\"><\/span><span class=\"ubtn-data ubtn-text\" >APPLY HERE!<\/span><\/button><\/a><\/div><div id=\"ultimate-heading-773269e754c2abd7c\" class=\"uvc-heading ult-adjust-bottom-margin ultimate-heading-773269e754c2abd7c uvc-5235\" data-hspacer=\"line_only\"  data-halign=\"center\" style=\"text-align:center\"><div class=\"uvc-main-heading ult-responsive\"  data-ultimate-target='.uvc-heading.ultimate-heading-773269e754c2abd7c h3'  data-responsive-json-new='{\"font-size\":\"desktop:20px;\",\"line-height\":\"desktop:24px;\"}' ><h3 style=\"font-weight:bold;color:#003b63;margin-top:10px;margin-bottom:10px;\">NOS NOUVEAUX ARTICLES<\/h3><\/div><div class=\"uvc-heading-spacer line_only\" style=\"margin-bottom:20px;height:1px;\"><span class=\"uvc-headings-line\" style=\"border-style:solid;border-bottom-width:1px;border-color:#1e73be;width:80px;\"><\/span><\/div><\/div>\n\t<div  class=\"wpb_single_image wpb_content_element vc_align_center\">\n\t\t\n\t\t<figure class=\"wpb_wrapper vc_figure\">\n\t\t\t<a href=\"https:\/\/dockmaster.ca\/fre\/new-specialty-items\/\" target=\"_self\"  class=\"vc_single_image-wrapper   vc_box_border_grey rollover\"   ><img decoding=\"async\" class=\"vc_single_image-img\" src=\"https:\/\/dockmaster.ca\/wp-content\/uploads\/2024\/03\/decking-2-on-deck-300x225.jpg\" width=\"300\" height=\"225\" alt=\"decking 2 - on deck\" title=\"decking 2 - on deck\" loading=\"lazy\"  data-dt-location=\"https:\/\/dockmaster.ca\/fre\/series-i-inside-leg-docks\/decking-2-on-deck\/\" \/><\/a>\n\t\t<\/figure>\n\t<\/div>\n<div class=\"ubtn-ctn-left\"><button type=\"button\" id=\"ubtn-2259\"  class=\"ubtn ult-adjust-bottom-margin ult-responsive &#8221;ubtn-custom&#8221; ubtn-no-hover-bg  none  &#8221;ubtn-center&#8221;   tooltip-69e754c2ac163\"  data-hover=\"\" data-border-color=\"\" data-bg=\"&#8221;#23bf00&#8243;\" data-hover-bg=\"\" data-border-hover=\"\" data-shadow-hover=\"\" data-shadow-click=\"none\" data-shadow=\"\" data-shd-shadow=\"\"  data-ultimate-target='#ubtn-2259'  data-responsive-json-new='{\"font-size\":\"&#8221;desktop:16px;&#8221;\",\"line-height\":\"&#8221;desktop:20px;&#8221;\"}'  style=\"&#8221;font-weight:bold;&#8221;border:none;background: &#8221;#23bf00&#8243;;color: &#8221;#ffffff&#8221;;\"><span class=\"ubtn-hover\" style=\"background-color:\"><\/span><span class=\"ubtn-data ubtn-text\" >&#8221;MORE<\/span><\/button><\/div><\/div><\/div><\/div><\/div><div class=\"vc_row wpb_row vc_row-fluid dt-default\" style=\"margin-top: 0px;margin-bottom: 0px\"><div class=\"wpb_column vc_column_container vc_col-sm-12\"><div class=\"vc_column-inner\"><div class=\"wpb_wrapper\"><\/div><\/div><\/div><\/div><!-- Row Backgrounds --><div class=\"upb_color\" data-bg-override=\"ex-full\" data-bg-color=\"#1f365c\" data-fadeout=\"\" data-fadeout-percentage=\"30\" data-parallax-content=\"\" data-parallax-content-sense=\"30\" data-row-effect-mobile-disable=\"true\" data-img-parallax-mobile-disable=\"true\" data-rtl=\"false\"  data-custom-vc-row=\"\"  data-vc=\"8.7.2\"  data-is_old_vc=\"\"  data-theme-support=\"\"   data-overlay=\"false\" data-overlay-color=\"\" data-overlay-pattern=\"\" data-overlay-pattern-opacity=\"\" data-overlay-pattern-size=\"\"    ><\/div>\n<\/div>","protected":false},"excerpt":{"rendered":"<p>Inside Leg Docks Inside Leg Docks Clean flush sides- for boat access, all-welded aluminum frame No external leg adjusters READ MORE Outside Leg Docks Outside Leg Docks Available upon request. Includes 1\u20135-foot ramp (or 10\u2019 ramp in 30\u2019 package). One 10-foot aluminum frame with 4 adjustable leg holders. One 10-foot aluminum frame with 2 adjustable&hellip;<\/p>","protected":false},"author":1,"featured_media":0,"parent":0,"menu_order":0,"comment_status":"closed","ping_status":"closed","template":"","meta":{"footnotes":""},"class_list":["post-3803","page","type-page","status-publish","hentry","description-off"],"yoast_head":"<!-- This site is optimized with the Yoast SEO plugin v27.4 - https:\/\/yoast.com\/product\/yoast-seo-wordpress\/ -->\n<title>Leg Docks - Dockmaster - InstantDeck - Benchmaster - Dockmaster - Instant Decks - Aluminum Docks, Floating Docks, Standing Docks, Instant Decks, Benches and Accessorie<\/title>\n<meta name=\"robots\" content=\"index, follow, max-snippet:-1, max-image-preview:large, max-video-preview:-1\" \/>\n<link rel=\"canonical\" href=\"https:\/\/dockmaster.ca\/fre\/leg-docks\/\" \/>\n<meta property=\"og:locale\" content=\"fr_CA\" \/>\n<meta property=\"og:type\" content=\"article\" \/>\n<meta property=\"og:title\" content=\"Leg Docks - Dockmaster - InstantDeck - Benchmaster - Dockmaster - Instant Decks - Aluminum Docks, Floating Docks, Standing Docks, Instant Decks, Benches and Accessorie\" \/>\n<meta property=\"og:url\" content=\"https:\/\/dockmaster.ca\/fre\/leg-docks\/\" \/>\n<meta property=\"og:site_name\" content=\"Dockmaster - InstantDeck - Benchmaster - Dockmaster - Instant Decks - Aluminum Docks, Floating Docks, Standing Docks, Instant Decks, Benches and Accessorie\" \/>\n<meta property=\"article:publisher\" content=\"https:\/\/www.facebook.com\/dockmasterdocks\/\" \/>\n<meta property=\"article:modified_time\" content=\"2025-10-06T20:21:55+00:00\" \/>\n<meta name=\"twitter:card\" content=\"summary_large_image\" \/>\n<meta name=\"twitter:label1\" content=\"Estimation du temps de lecture\" \/>\n\t<meta name=\"twitter:data1\" content=\"3 minutes\" \/>\n<script type=\"application\/ld+json\" class=\"yoast-schema-graph\">{\"@context\":\"https:\\\/\\\/schema.org\",\"@graph\":[{\"@type\":\"WebPage\",\"@id\":\"https:\\\/\\\/dockmaster.ca\\\/leg-docks\\\/\",\"url\":\"https:\\\/\\\/dockmaster.ca\\\/leg-docks\\\/\",\"name\":\"Leg Docks - Dockmaster - InstantDeck - Benchmaster - Dockmaster - Instant Decks - Aluminum Docks, Floating Docks, Standing Docks, Instant Decks, Benches and Accessorie\",\"isPartOf\":{\"@id\":\"https:\\\/\\\/dockmaster.ca\\\/#website\"},\"datePublished\":\"2023-04-05T18:00:49+00:00\",\"dateModified\":\"2025-10-06T20:21:55+00:00\",\"breadcrumb\":{\"@id\":\"https:\\\/\\\/dockmaster.ca\\\/leg-docks\\\/#breadcrumb\"},\"inLanguage\":\"fr-CA\",\"potentialAction\":[{\"@type\":\"ReadAction\",\"target\":[\"https:\\\/\\\/dockmaster.ca\\\/leg-docks\\\/\"]}]},{\"@type\":\"BreadcrumbList\",\"@id\":\"https:\\\/\\\/dockmaster.ca\\\/leg-docks\\\/#breadcrumb\",\"itemListElement\":[{\"@type\":\"ListItem\",\"position\":1,\"name\":\"Home\",\"item\":\"https:\\\/\\\/dockmaster.ca\\\/\"},{\"@type\":\"ListItem\",\"position\":2,\"name\":\"Leg Docks\"}]},{\"@type\":\"WebSite\",\"@id\":\"https:\\\/\\\/dockmaster.ca\\\/#website\",\"url\":\"https:\\\/\\\/dockmaster.ca\\\/\",\"name\":\"Dockmaster - InstantDeck - Benchmaster - Dockmaster - Instant Decks - Aluminum Docks, Floating Docks, Standing Docks, Instant Decks, Benches and Accessorie\",\"description\":\"Dockmaster - InstantDeck - Benchmaster\",\"publisher\":{\"@id\":\"https:\\\/\\\/dockmaster.ca\\\/#organization\"},\"alternateName\":\"Dockmaster\",\"potentialAction\":[{\"@type\":\"SearchAction\",\"target\":{\"@type\":\"EntryPoint\",\"urlTemplate\":\"https:\\\/\\\/dockmaster.ca\\\/?s={search_term_string}\"},\"query-input\":{\"@type\":\"PropertyValueSpecification\",\"valueRequired\":true,\"valueName\":\"search_term_string\"}}],\"inLanguage\":\"fr-CA\"},{\"@type\":\"Organization\",\"@id\":\"https:\\\/\\\/dockmaster.ca\\\/#organization\",\"name\":\"Dockmaster - InstantDeck - Benchmaster - Dockmaster - Instant Decks - Aluminum Docks, Floating Docks, Standing Docks, Instant Decks, Benches and Accessorie\",\"url\":\"https:\\\/\\\/dockmaster.ca\\\/\",\"logo\":{\"@type\":\"ImageObject\",\"inLanguage\":\"fr-CA\",\"@id\":\"https:\\\/\\\/dockmaster.ca\\\/#\\\/schema\\\/logo\\\/image\\\/\",\"url\":\"https:\\\/\\\/dockmaster.ca\\\/wp-content\\\/uploads\\\/2022\\\/12\\\/Dock-InstantM-logo-01-Small-Bottom.png\",\"contentUrl\":\"https:\\\/\\\/dockmaster.ca\\\/wp-content\\\/uploads\\\/2022\\\/12\\\/Dock-InstantM-logo-01-Small-Bottom.png\",\"width\":317,\"height\":50,\"caption\":\"Dockmaster - InstantDeck - Benchmaster - Dockmaster - Instant Decks - Aluminum Docks, Floating Docks, Standing Docks, Instant Decks, Benches and Accessorie\"},\"image\":{\"@id\":\"https:\\\/\\\/dockmaster.ca\\\/#\\\/schema\\\/logo\\\/image\\\/\"},\"sameAs\":[\"https:\\\/\\\/www.facebook.com\\\/dockmasterdocks\\\/\",\"https:\\\/\\\/www.instagram.com\\\/dockmaster.ca\\\/\",\"https:\\\/\\\/www.youtube.com\\\/channel\\\/UCGbJrzAUlamrnAmSjbImRqg\"]}]}<\/script>\n<!-- \/ Yoast SEO plugin. -->","yoast_head_json":{"title":"Leg Docks - Dockmaster - InstantDeck - Benchmaster - Dockmaster - Instant Decks - Aluminum Docks, Floating Docks, Standing Docks, Instant Decks, Benches and Accessorie","robots":{"index":"index","follow":"follow","max-snippet":"max-snippet:-1","max-image-preview":"max-image-preview:large","max-video-preview":"max-video-preview:-1"},"canonical":"https:\/\/dockmaster.ca\/fre\/leg-docks\/","og_locale":"fr_CA","og_type":"article","og_title":"Leg Docks - Dockmaster - InstantDeck - Benchmaster - Dockmaster - Instant Decks - Aluminum Docks, Floating Docks, Standing Docks, Instant Decks, Benches and Accessorie","og_url":"https:\/\/dockmaster.ca\/fre\/leg-docks\/","og_site_name":"Dockmaster - InstantDeck - Benchmaster - Dockmaster - Instant Decks - Aluminum Docks, Floating Docks, Standing Docks, Instant Decks, Benches and Accessorie","article_publisher":"https:\/\/www.facebook.com\/dockmasterdocks\/","article_modified_time":"2025-10-06T20:21:55+00:00","twitter_card":"summary_large_image","twitter_misc":{"Estimation du temps de lecture":"3 minutes"},"schema":{"@context":"https:\/\/schema.org","@graph":[{"@type":"WebPage","@id":"https:\/\/dockmaster.ca\/leg-docks\/","url":"https:\/\/dockmaster.ca\/leg-docks\/","name":"Leg Docks - Dockmaster - InstantDeck - Benchmaster - Dockmaster - Instant Decks - Aluminum Docks, Floating Docks, Standing Docks, Instant Decks, Benches and Accessorie","isPartOf":{"@id":"https:\/\/dockmaster.ca\/#website"},"datePublished":"2023-04-05T18:00:49+00:00","dateModified":"2025-10-06T20:21:55+00:00","breadcrumb":{"@id":"https:\/\/dockmaster.ca\/leg-docks\/#breadcrumb"},"inLanguage":"fr-CA","potentialAction":[{"@type":"ReadAction","target":["https:\/\/dockmaster.ca\/leg-docks\/"]}]},{"@type":"BreadcrumbList","@id":"https:\/\/dockmaster.ca\/leg-docks\/#breadcrumb","itemListElement":[{"@type":"ListItem","position":1,"name":"Home","item":"https:\/\/dockmaster.ca\/"},{"@type":"ListItem","position":2,"name":"Leg Docks"}]},{"@type":"WebSite","@id":"https:\/\/dockmaster.ca\/#website","url":"https:\/\/dockmaster.ca\/","name":"Dockmaster - InstantDeck - Benchmaster - Dockmaster - Instant Decks - Aluminum Docks, Floating Docks, Standing Docks, Instant Decks, Benches and Accessorie","description":"Dockmaster - InstantDeck - Benchmaster","publisher":{"@id":"https:\/\/dockmaster.ca\/#organization"},"alternateName":"Dockmaster","potentialAction":[{"@type":"SearchAction","target":{"@type":"EntryPoint","urlTemplate":"https:\/\/dockmaster.ca\/?s={search_term_string}"},"query-input":{"@type":"PropertyValueSpecification","valueRequired":true,"valueName":"search_term_string"}}],"inLanguage":"fr-CA"},{"@type":"Organization","@id":"https:\/\/dockmaster.ca\/#organization","name":"Dockmaster - InstantDeck - Benchmaster - Dockmaster - Instant Decks - Aluminum Docks, Floating Docks, Standing Docks, Instant Decks, Benches and Accessorie","url":"https:\/\/dockmaster.ca\/","logo":{"@type":"ImageObject","inLanguage":"fr-CA","@id":"https:\/\/dockmaster.ca\/#\/schema\/logo\/image\/","url":"https:\/\/dockmaster.ca\/wp-content\/uploads\/2022\/12\/Dock-InstantM-logo-01-Small-Bottom.png","contentUrl":"https:\/\/dockmaster.ca\/wp-content\/uploads\/2022\/12\/Dock-InstantM-logo-01-Small-Bottom.png","width":317,"height":50,"caption":"Dockmaster - InstantDeck - Benchmaster - Dockmaster - Instant Decks - Aluminum Docks, Floating Docks, Standing Docks, Instant Decks, Benches and Accessorie"},"image":{"@id":"https:\/\/dockmaster.ca\/#\/schema\/logo\/image\/"},"sameAs":["https:\/\/www.facebook.com\/dockmasterdocks\/","https:\/\/www.instagram.com\/dockmaster.ca\/","https:\/\/www.youtube.com\/channel\/UCGbJrzAUlamrnAmSjbImRqg"]}]}},"_links":{"self":[{"href":"https:\/\/dockmaster.ca\/fre\/wp-json\/wp\/v2\/pages\/3803","targetHints":{"allow":["GET"]}}],"collection":[{"href":"https:\/\/dockmaster.ca\/fre\/wp-json\/wp\/v2\/pages"}],"about":[{"href":"https:\/\/dockmaster.ca\/fre\/wp-json\/wp\/v2\/types\/page"}],"author":[{"embeddable":true,"href":"https:\/\/dockmaster.ca\/fre\/wp-json\/wp\/v2\/users\/1"}],"replies":[{"embeddable":true,"href":"https:\/\/dockmaster.ca\/fre\/wp-json\/wp\/v2\/comments?post=3803"}],"version-history":[{"count":23,"href":"https:\/\/dockmaster.ca\/fre\/wp-json\/wp\/v2\/pages\/3803\/revisions"}],"predecessor-version":[{"id":5471,"href":"https:\/\/dockmaster.ca\/fre\/wp-json\/wp\/v2\/pages\/3803\/revisions\/5471"}],"wp:attachment":[{"href":"https:\/\/dockmaster.ca\/fre\/wp-json\/wp\/v2\/media?parent=3803"}],"curies":[{"name":"wp","href":"https:\/\/api.w.org\/{rel}","templated":true}]}}